{"id":802930,"date":"2025-05-26T19:29:34","date_gmt":"2025-05-26T19:29:34","guid":{"rendered":"https:\/\/mijneltako.be\/product\/eud12npn-bt-300w-230v-bluetooth\/"},"modified":"2026-05-03T10:30:03","modified_gmt":"2026-05-03T10:30:03","slug":"eud12npn-bt-300w-230v-bluetooth","status":"publish","type":"product","link":"https:\/\/mijneltako.be\/fr\/product\/eud12npn-bt-300w-230v-bluetooth\/","title":{"rendered":"EUD12NPN-BT\/300W-230V (Bluetooth)"},"content":{"rendered":"<p>Variateur universel avec minuterie int\u00e9gr\u00e9e, Bluetooth et application ELTAKO Connect. MOSFET de puissance jusqu&#8217;\u00e0 300W. Reconnaissance automatique de la lampe. Seulement 0,3 W de perte en veille. Intensit\u00e9 lumineuse minimale et maximale, vitesse de variation, contr\u00f4le de la cr\u00e8che, contr\u00f4le de la r\u00e9p\u00e9tition, d\u00e9tecteur de mouvement, marche, arr\u00eat, TI, ER, ESV, TLZ, MIN, MMX, programme avec fonction horaire ou astro, solstice d\u00e9cal\u00e9, date et heure, localisation et Bluetooth peuvent \u00eatre r\u00e9gl\u00e9s via l&#8217;appli, conform\u00e9ment au manuel.    <\/p>\n<p>La fiche technique est disponible <a href=\"https:\/\/www.eltako.com\/fileadmin\/downloads\/vl\/Technische_fiches\/Technische_fiche_EUD12NPN-BT_300W-230V_vl.pdf\" target=\"_blank\" rel=\"noopener\">ici<\/a> <\/p>\n","protected":false},"excerpt":{"rendered":"<p>Variateur universel avec minuterie int\u00e9gr\u00e9e, Bluetooth et application ELTAKO Connect. MOSFET de puissance jusqu&#8217;\u00e0 300W. Reconnaissance automatique des lampes.  <\/p>\n","protected":false},"featured_media":802390,"template":"","meta":[],"product_brand":[],"product_cat":[220],"product_tag":[66],"class_list":{"0":"post-802930","1":"product","2":"type-product","3":"status-publish","4":"has-post-thumbnail","6":"product_cat-variateurs","7":"product_tag-eltako-fr","9":"first","10":"instock","11":"taxable","12":"shipping-taxable","13":"purchasable","14":"product-type-simple"},"yoast_head":"<!-- This site is optimized with the Yoast SEO plugin v27.4 - https:\/\/yoast.com\/product\/yoast-seo-wordpress\/ -->\n<title>EUD12NPN-BT\/300W-230V (Bluetooth) - MijnEltako.be<\/title>\n<meta name=\"description\" content=\"Koop EUD12NPN-BT\/300W-230V (Bluetooth) eenvoudig online bij MijnEltako.be. Onafhankelijke Eltako webshop sinds 2011, snelle levering en scherpe prijzen\" \/>\n<meta name=\"robots\" content=\"index, follow, max-snippet:-1, max-image-preview:large, max-video-preview:-1\" \/>\n<link rel=\"canonical\" href=\"https:\/\/mijneltako.be\/fr\/product\/eud12npn-bt-300w-230v-bluetooth\/\" \/>\n<meta property=\"og:locale\" content=\"fr_FR\" \/>\n<meta property=\"og:type\" content=\"article\" \/>\n<meta property=\"og:title\" content=\"EUD12NPN-BT\/300W-230V (Bluetooth) - MijnEltako.be\" \/>\n<meta property=\"og:description\" content=\"Koop EUD12NPN-BT\/300W-230V (Bluetooth) eenvoudig online bij MijnEltako.be. Onafhankelijke Eltako webshop sinds 2011, snelle levering en scherpe prijzen\" \/>\n<meta property=\"og:url\" content=\"https:\/\/mijneltako.be\/fr\/product\/eud12npn-bt-300w-230v-bluetooth\/\" \/>\n<meta property=\"og:site_name\" content=\"MijnEltako.be\" \/>\n<meta property=\"article:modified_time\" content=\"2026-05-03T10:30:03+00:00\" \/>\n<meta property=\"og:image\" content=\"https:\/\/mijneltako.be\/wp-content\/uploads\/2025\/05\/EUD12NPN-BT300W-230V-Eltako.png\" \/>\n\t<meta property=\"og:image:width\" content=\"1000\" \/>\n\t<meta property=\"og:image:height\" content=\"1000\" \/>\n\t<meta property=\"og:image:type\" content=\"image\/png\" \/>\n<meta name=\"twitter:card\" content=\"summary_large_image\" \/>\n<script type=\"application\/ld+json\" class=\"yoast-schema-graph\">{\"@context\":\"https:\\\/\\\/schema.org\",\"@graph\":[{\"@type\":\"WebPage\",\"@id\":\"https:\\\/\\\/mijneltako.be\\\/fr\\\/product\\\/eud12npn-bt-300w-230v-bluetooth\\\/\",\"url\":\"https:\\\/\\\/mijneltako.be\\\/fr\\\/product\\\/eud12npn-bt-300w-230v-bluetooth\\\/\",\"name\":\"EUD12NPN-BT\\\/300W-230V (Bluetooth) - MijnEltako.be\",\"isPartOf\":{\"@id\":\"https:\\\/\\\/mijneltako.be\\\/fr\\\/#website\"},\"primaryImageOfPage\":{\"@id\":\"https:\\\/\\\/mijneltako.be\\\/fr\\\/product\\\/eud12npn-bt-300w-230v-bluetooth\\\/#primaryimage\"},\"image\":{\"@id\":\"https:\\\/\\\/mijneltako.be\\\/fr\\\/product\\\/eud12npn-bt-300w-230v-bluetooth\\\/#primaryimage\"},\"thumbnailUrl\":\"https:\\\/\\\/mijneltako.be\\\/wp-content\\\/uploads\\\/2025\\\/05\\\/EUD12NPN-BT300W-230V-Eltako.png\",\"datePublished\":\"2025-05-26T19:29:34+00:00\",\"dateModified\":\"2026-05-03T10:30:03+00:00\",\"description\":\"Koop EUD12NPN-BT\\\/300W-230V (Bluetooth) eenvoudig online bij MijnEltako.be. Onafhankelijke Eltako webshop sinds 2011, snelle levering en scherpe prijzen\",\"breadcrumb\":{\"@id\":\"https:\\\/\\\/mijneltako.be\\\/fr\\\/product\\\/eud12npn-bt-300w-230v-bluetooth\\\/#breadcrumb\"},\"inLanguage\":\"fr-FR\",\"potentialAction\":[{\"@type\":\"ReadAction\",\"target\":[\"https:\\\/\\\/mijneltako.be\\\/fr\\\/product\\\/eud12npn-bt-300w-230v-bluetooth\\\/\"]}]},{\"@type\":\"ImageObject\",\"inLanguage\":\"fr-FR\",\"@id\":\"https:\\\/\\\/mijneltako.be\\\/fr\\\/product\\\/eud12npn-bt-300w-230v-bluetooth\\\/#primaryimage\",\"url\":\"https:\\\/\\\/mijneltako.be\\\/wp-content\\\/uploads\\\/2025\\\/05\\\/EUD12NPN-BT300W-230V-Eltako.png\",\"contentUrl\":\"https:\\\/\\\/mijneltako.be\\\/wp-content\\\/uploads\\\/2025\\\/05\\\/EUD12NPN-BT300W-230V-Eltako.png\",\"width\":1000,\"height\":1000},{\"@type\":\"BreadcrumbList\",\"@id\":\"https:\\\/\\\/mijneltako.be\\\/fr\\\/product\\\/eud12npn-bt-300w-230v-bluetooth\\\/#breadcrumb\",\"itemListElement\":[{\"@type\":\"ListItem\",\"position\":1,\"name\":\"Home\",\"item\":\"https:\\\/\\\/mijneltako.be\\\/fr\\\/\"},{\"@type\":\"ListItem\",\"position\":2,\"name\":\"Shop\",\"item\":\"https:\\\/\\\/mijneltako.be\\\/fr\\\/shop\\\/\"},{\"@type\":\"ListItem\",\"position\":3,\"name\":\"EUD12NPN-BT\\\/300W-230V (Bluetooth)\"}]},{\"@type\":\"WebSite\",\"@id\":\"https:\\\/\\\/mijneltako.be\\\/fr\\\/#website\",\"url\":\"https:\\\/\\\/mijneltako.be\\\/fr\\\/\",\"name\":\"MijnEltako.be | Eltako webwinkel sinds 2011\",\"description\":\"Boutique en ligne ind\u00e9pendante d&#039;Eltako depuis 2011\",\"publisher\":{\"@id\":\"https:\\\/\\\/mijneltako.be\\\/fr\\\/#organization\"},\"alternateName\":\"MijnEltako.be | Eltako webwinkel\",\"potentialAction\":[{\"@type\":\"SearchAction\",\"target\":{\"@type\":\"EntryPoint\",\"urlTemplate\":\"https:\\\/\\\/mijneltako.be\\\/fr\\\/?s={search_term_string}\"},\"query-input\":{\"@type\":\"PropertyValueSpecification\",\"valueRequired\":true,\"valueName\":\"search_term_string\"}}],\"inLanguage\":\"fr-FR\"},{\"@type\":\"Organization\",\"@id\":\"https:\\\/\\\/mijneltako.be\\\/fr\\\/#organization\",\"name\":\"MijnEltako.be | Eltako materiaal aan de beste prijs.\",\"alternateName\":\"MijnEltako.be | Eltako webwinkel\",\"url\":\"https:\\\/\\\/mijneltako.be\\\/fr\\\/\",\"logo\":{\"@type\":\"ImageObject\",\"inLanguage\":\"fr-FR\",\"@id\":\"https:\\\/\\\/mijneltako.be\\\/fr\\\/#\\\/schema\\\/logo\\\/image\\\/\",\"url\":\"https:\\\/\\\/mijneltako.be\\\/wp-content\\\/uploads\\\/2024\\\/12\\\/logo2024.png\",\"contentUrl\":\"https:\\\/\\\/mijneltako.be\\\/wp-content\\\/uploads\\\/2024\\\/12\\\/logo2024.png\",\"width\":3685,\"height\":581,\"caption\":\"MijnEltako.be | Eltako materiaal aan de beste prijs.\"},\"image\":{\"@id\":\"https:\\\/\\\/mijneltako.be\\\/fr\\\/#\\\/schema\\\/logo\\\/image\\\/\"}}]}<\/script>\n<!-- \/ Yoast SEO plugin. -->","yoast_head_json":{"title":"EUD12NPN-BT\/300W-230V (Bluetooth) - MijnEltako.be","description":"Koop EUD12NPN-BT\/300W-230V (Bluetooth) eenvoudig online bij MijnEltako.be. Onafhankelijke Eltako webshop sinds 2011, snelle levering en scherpe prijzen","robots":{"index":"index","follow":"follow","max-snippet":"max-snippet:-1","max-image-preview":"max-image-preview:large","max-video-preview":"max-video-preview:-1"},"canonical":"https:\/\/mijneltako.be\/fr\/product\/eud12npn-bt-300w-230v-bluetooth\/","og_locale":"fr_FR","og_type":"article","og_title":"EUD12NPN-BT\/300W-230V (Bluetooth) - MijnEltako.be","og_description":"Koop EUD12NPN-BT\/300W-230V (Bluetooth) eenvoudig online bij MijnEltako.be. Onafhankelijke Eltako webshop sinds 2011, snelle levering en scherpe prijzen","og_url":"https:\/\/mijneltako.be\/fr\/product\/eud12npn-bt-300w-230v-bluetooth\/","og_site_name":"MijnEltako.be","article_modified_time":"2026-05-03T10:30:03+00:00","og_image":[{"width":1000,"height":1000,"url":"https:\/\/mijneltako.be\/wp-content\/uploads\/2025\/05\/EUD12NPN-BT300W-230V-Eltako.png","type":"image\/png"}],"twitter_card":"summary_large_image","schema":{"@context":"https:\/\/schema.org","@graph":[{"@type":"WebPage","@id":"https:\/\/mijneltako.be\/fr\/product\/eud12npn-bt-300w-230v-bluetooth\/","url":"https:\/\/mijneltako.be\/fr\/product\/eud12npn-bt-300w-230v-bluetooth\/","name":"EUD12NPN-BT\/300W-230V (Bluetooth) - MijnEltako.be","isPartOf":{"@id":"https:\/\/mijneltako.be\/fr\/#website"},"primaryImageOfPage":{"@id":"https:\/\/mijneltako.be\/fr\/product\/eud12npn-bt-300w-230v-bluetooth\/#primaryimage"},"image":{"@id":"https:\/\/mijneltako.be\/fr\/product\/eud12npn-bt-300w-230v-bluetooth\/#primaryimage"},"thumbnailUrl":"https:\/\/mijneltako.be\/wp-content\/uploads\/2025\/05\/EUD12NPN-BT300W-230V-Eltako.png","datePublished":"2025-05-26T19:29:34+00:00","dateModified":"2026-05-03T10:30:03+00:00","description":"Koop EUD12NPN-BT\/300W-230V (Bluetooth) eenvoudig online bij MijnEltako.be. Onafhankelijke Eltako webshop sinds 2011, snelle levering en scherpe prijzen","breadcrumb":{"@id":"https:\/\/mijneltako.be\/fr\/product\/eud12npn-bt-300w-230v-bluetooth\/#breadcrumb"},"inLanguage":"fr-FR","potentialAction":[{"@type":"ReadAction","target":["https:\/\/mijneltako.be\/fr\/product\/eud12npn-bt-300w-230v-bluetooth\/"]}]},{"@type":"ImageObject","inLanguage":"fr-FR","@id":"https:\/\/mijneltako.be\/fr\/product\/eud12npn-bt-300w-230v-bluetooth\/#primaryimage","url":"https:\/\/mijneltako.be\/wp-content\/uploads\/2025\/05\/EUD12NPN-BT300W-230V-Eltako.png","contentUrl":"https:\/\/mijneltako.be\/wp-content\/uploads\/2025\/05\/EUD12NPN-BT300W-230V-Eltako.png","width":1000,"height":1000},{"@type":"BreadcrumbList","@id":"https:\/\/mijneltako.be\/fr\/product\/eud12npn-bt-300w-230v-bluetooth\/#breadcrumb","itemListElement":[{"@type":"ListItem","position":1,"name":"Home","item":"https:\/\/mijneltako.be\/fr\/"},{"@type":"ListItem","position":2,"name":"Shop","item":"https:\/\/mijneltako.be\/fr\/shop\/"},{"@type":"ListItem","position":3,"name":"EUD12NPN-BT\/300W-230V (Bluetooth)"}]},{"@type":"WebSite","@id":"https:\/\/mijneltako.be\/fr\/#website","url":"https:\/\/mijneltako.be\/fr\/","name":"MijnEltako.be | Eltako webwinkel sinds 2011","description":"Boutique en ligne ind\u00e9pendante d&#039;Eltako depuis 2011","publisher":{"@id":"https:\/\/mijneltako.be\/fr\/#organization"},"alternateName":"MijnEltako.be | Eltako webwinkel","potentialAction":[{"@type":"SearchAction","target":{"@type":"EntryPoint","urlTemplate":"https:\/\/mijneltako.be\/fr\/?s={search_term_string}"},"query-input":{"@type":"PropertyValueSpecification","valueRequired":true,"valueName":"search_term_string"}}],"inLanguage":"fr-FR"},{"@type":"Organization","@id":"https:\/\/mijneltako.be\/fr\/#organization","name":"MijnEltako.be | Eltako materiaal aan de beste prijs.","alternateName":"MijnEltako.be | Eltako webwinkel","url":"https:\/\/mijneltako.be\/fr\/","logo":{"@type":"ImageObject","inLanguage":"fr-FR","@id":"https:\/\/mijneltako.be\/fr\/#\/schema\/logo\/image\/","url":"https:\/\/mijneltako.be\/wp-content\/uploads\/2024\/12\/logo2024.png","contentUrl":"https:\/\/mijneltako.be\/wp-content\/uploads\/2024\/12\/logo2024.png","width":3685,"height":581,"caption":"MijnEltako.be | Eltako materiaal aan de beste prijs."},"image":{"@id":"https:\/\/mijneltako.be\/fr\/#\/schema\/logo\/image\/"}}]}},"_links":{"self":[{"href":"https:\/\/mijneltako.be\/fr\/wp-json\/wp\/v2\/product\/802930","targetHints":{"allow":["GET"]}}],"collection":[{"href":"https:\/\/mijneltako.be\/fr\/wp-json\/wp\/v2\/product"}],"about":[{"href":"https:\/\/mijneltako.be\/fr\/wp-json\/wp\/v2\/types\/product"}],"wp:featuredmedia":[{"embeddable":true,"href":"https:\/\/mijneltako.be\/fr\/wp-json\/wp\/v2\/media\/802390"}],"wp:attachment":[{"href":"https:\/\/mijneltako.be\/fr\/wp-json\/wp\/v2\/media?parent=802930"}],"wp:term":[{"taxonomy":"product_brand","embeddable":true,"href":"https:\/\/mijneltako.be\/fr\/wp-json\/wp\/v2\/product_brand?post=802930"},{"taxonomy":"product_cat","embeddable":true,"href":"https:\/\/mijneltako.be\/fr\/wp-json\/wp\/v2\/product_cat?post=802930"},{"taxonomy":"product_tag","embeddable":true,"href":"https:\/\/mijneltako.be\/fr\/wp-json\/wp\/v2\/product_tag?post=802930"}],"curies":[{"name":"wp","href":"https:\/\/api.w.org\/{rel}","templated":true}]}}