{"id":802275,"date":"2024-11-22T21:28:16","date_gmt":"2024-11-22T21:28:16","guid":{"rendered":"https:\/\/mijneltako.be\/product\/esr12z-4dx-uc\/"},"modified":"2025-05-14T20:26:48","modified_gmt":"2025-05-14T20:26:48","slug":"esr12z-4dx-uc","status":"publish","type":"product","link":"https:\/\/mijneltako.be\/fr\/product\/esr12z-4dx-uc\/","title":{"rendered":"ESR12Z-4DX-UC"},"content":{"rendered":"<p>Quadruple interrupteur \u00e0 impulsion multifonctionnel ou relais de commutation ESR12Z-4DX-UC<\/p>\n","protected":false},"excerpt":{"rendered":"<p>Quadruple interrupteur \u00e0 impulsion multifonctionnel ou relais de commutation ESR12Z-4DX-UC<\/p>\n<ul>\n<li>Tension de commande universelle 8 \u00e0 253V AC ou 10 \u00e0 230V DC<\/li>\n<li>Seulement 2 modules de largeur<\/li>\n<li>Bruit de commutation tr\u00e8s faible<\/li>\n<li>4 x 1 contact NO libre de potentiel 16A<\/li>\n<li>Peut \u00eatre configur\u00e9 comme interrupteur \u00e0 impulsion ou comme relais<\/li>\n<li>Possibilit\u00e9 d&#8217;activer\/d\u00e9sactiver la connexion de mani\u00e8re centralis\u00e9e<\/li>\n<li>Possibilit\u00e9 de connecter un contr\u00f4le de groupe<\/li>\n<li>18 fonctions, dont :\n<ul>\n<li>Quatre interrupteurs \u00e0 impulsion contr\u00f4lables s\u00e9par\u00e9ment (quadruple)<\/li>\n<li>Interrupteur \u00e0 impulsion avec 4 NO<\/li>\n<li>Interrupteur \u00e0 impulsion avec 2 contacts inverseurs<\/li>\n<li>Commutateur de groupe<\/li>\n<li>Interrupteur de s\u00e9rie<\/li>\n<li>Etc&#8230;<\/li>\n<\/ul>\n<\/li>\n<\/ul>\n<p><a href=\"http:\/\/www.eltako.com\/fileadmin\/downloads\/vl\/Technische_fiches\/Technische_fiche_ESR12Z_4DX.pdf\" target=\"_blank\" rel=\"noopener noreferrer\">Fiche technique ESR12Z-4DX-UC<\/a><\/p>\n","protected":false},"featured_media":802273,"template":"","meta":[],"product_brand":[],"product_cat":[218,219],"product_tag":[66,69,70],"class_list":{"0":"post-802275","1":"product","2":"type-product","3":"status-publish","4":"has-post-thumbnail","6":"product_cat-interrupteurs-a-impulsion","7":"product_cat-relais-fr","8":"product_tag-eltako-fr","9":"product_tag-interrupteurs-a-impulsion","10":"product_tag-relais-fr","12":"first","13":"instock","14":"featured","15":"taxable","16":"shipping-taxable","17":"purchasable","18":"product-type-simple"},"yoast_head":"<!-- This site is optimized with the Yoast SEO plugin v27.2 - https:\/\/yoast.com\/product\/yoast-seo-wordpress\/ -->\n<title>ESR12Z-4DX-UC - MijnEltako.be<\/title>\n<meta name=\"description\" content=\"Koop ESR12Z-4DX-UC eenvoudig online bij MijnEltako.be. Onafhankelijke Eltako webshop sinds 2011, snelle levering en scherpe prijzen\" \/>\n<meta name=\"robots\" content=\"index, follow, max-snippet:-1, max-image-preview:large, max-video-preview:-1\" \/>\n<link rel=\"canonical\" href=\"https:\/\/mijneltako.be\/product\/esr12z-4dx-uc-eltako\/\" \/>\n<meta property=\"og:locale\" content=\"fr_FR\" \/>\n<meta property=\"og:type\" content=\"article\" \/>\n<meta property=\"og:title\" content=\"ESR12Z-4DX-UC - MijnEltako.be\" \/>\n<meta property=\"og:description\" content=\"Koop ESR12Z-4DX-UC eenvoudig online bij MijnEltako.be. Onafhankelijke Eltako webshop sinds 2011, snelle levering en scherpe prijzen\" \/>\n<meta property=\"og:url\" content=\"https:\/\/mijneltako.be\/product\/esr12z-4dx-uc-eltako\/\" \/>\n<meta property=\"og:site_name\" content=\"MijnEltako.be\" \/>\n<meta property=\"article:modified_time\" content=\"2025-05-14T20:26:48+00:00\" \/>\n<meta property=\"og:image\" content=\"https:\/\/mijneltako.be\/wp-content\/uploads\/2025\/05\/ESR12Z-4DX-UC-Eltako.jpg\" \/>\n\t<meta property=\"og:image:width\" content=\"1000\" \/>\n\t<meta property=\"og:image:height\" content=\"1000\" \/>\n\t<meta property=\"og:image:type\" content=\"image\/jpeg\" \/>\n<meta name=\"twitter:card\" content=\"summary_large_image\" \/>\n<script type=\"application\/ld+json\" class=\"yoast-schema-graph\">{\"@context\":\"https:\/\/schema.org\",\"@graph\":[{\"@type\":\"WebPage\",\"@id\":\"https:\/\/mijneltako.be\/product\/esr12z-4dx-uc-eltako\/\",\"url\":\"https:\/\/mijneltako.be\/product\/esr12z-4dx-uc-eltako\/\",\"name\":\"ESR12Z-4DX-UC - MijnEltako.be\",\"isPartOf\":{\"@id\":\"https:\/\/mijneltako.be\/fr\/#website\"},\"primaryImageOfPage\":{\"@id\":\"https:\/\/mijneltako.be\/product\/esr12z-4dx-uc-eltako\/#primaryimage\"},\"image\":{\"@id\":\"https:\/\/mijneltako.be\/product\/esr12z-4dx-uc-eltako\/#primaryimage\"},\"thumbnailUrl\":\"https:\/\/mijneltako.be\/wp-content\/uploads\/2025\/05\/ESR12Z-4DX-UC-Eltako.jpg\",\"datePublished\":\"2024-11-22T21:28:16+00:00\",\"dateModified\":\"2025-05-14T20:26:48+00:00\",\"description\":\"Koop ESR12Z-4DX-UC eenvoudig online bij MijnEltako.be. Onafhankelijke Eltako webshop sinds 2011, snelle levering en scherpe prijzen\",\"breadcrumb\":{\"@id\":\"https:\/\/mijneltako.be\/product\/esr12z-4dx-uc-eltako\/#breadcrumb\"},\"inLanguage\":\"fr-FR\",\"potentialAction\":[{\"@type\":\"ReadAction\",\"target\":[\"https:\/\/mijneltako.be\/product\/esr12z-4dx-uc-eltako\/\"]}]},{\"@type\":\"ImageObject\",\"inLanguage\":\"fr-FR\",\"@id\":\"https:\/\/mijneltako.be\/product\/esr12z-4dx-uc-eltako\/#primaryimage\",\"url\":\"https:\/\/mijneltako.be\/wp-content\/uploads\/2025\/05\/ESR12Z-4DX-UC-Eltako.jpg\",\"contentUrl\":\"https:\/\/mijneltako.be\/wp-content\/uploads\/2025\/05\/ESR12Z-4DX-UC-Eltako.jpg\",\"width\":1000,\"height\":1000},{\"@type\":\"BreadcrumbList\",\"@id\":\"https:\/\/mijneltako.be\/product\/esr12z-4dx-uc-eltako\/#breadcrumb\",\"itemListElement\":[{\"@type\":\"ListItem\",\"position\":1,\"name\":\"Home\",\"item\":\"https:\/\/mijneltako.be\/fr\/\"},{\"@type\":\"ListItem\",\"position\":2,\"name\":\"Shop\",\"item\":\"https:\/\/mijneltako.be\/fr\/shop\/\"},{\"@type\":\"ListItem\",\"position\":3,\"name\":\"ESR12Z-4DX-UC\"}]},{\"@type\":\"WebSite\",\"@id\":\"https:\/\/mijneltako.be\/fr\/#website\",\"url\":\"https:\/\/mijneltako.be\/fr\/\",\"name\":\"MijnEltako.be | Eltako webwinkel sinds 2011\",\"description\":\"Boutique en ligne ind\u00e9pendante d&#039;Eltako depuis 2011\",\"publisher\":{\"@id\":\"https:\/\/mijneltako.be\/fr\/#organization\"},\"alternateName\":\"MijnEltako.be | Eltako webwinkel\",\"potentialAction\":[{\"@type\":\"SearchAction\",\"target\":{\"@type\":\"EntryPoint\",\"urlTemplate\":\"https:\/\/mijneltako.be\/fr\/?s={search_term_string}\"},\"query-input\":{\"@type\":\"PropertyValueSpecification\",\"valueRequired\":true,\"valueName\":\"search_term_string\"}}],\"inLanguage\":\"fr-FR\"},{\"@type\":\"Organization\",\"@id\":\"https:\/\/mijneltako.be\/fr\/#organization\",\"name\":\"MijnEltako.be | Eltako materiaal aan de beste prijs.\",\"alternateName\":\"MijnEltako.be | Eltako webwinkel\",\"url\":\"https:\/\/mijneltako.be\/fr\/\",\"logo\":{\"@type\":\"ImageObject\",\"inLanguage\":\"fr-FR\",\"@id\":\"https:\/\/mijneltako.be\/fr\/#\/schema\/logo\/image\/\",\"url\":\"https:\/\/mijneltako.be\/wp-content\/uploads\/2024\/12\/logo2024.png\",\"contentUrl\":\"https:\/\/mijneltako.be\/wp-content\/uploads\/2024\/12\/logo2024.png\",\"width\":3685,\"height\":581,\"caption\":\"MijnEltako.be | Eltako materiaal aan de beste prijs.\"},\"image\":{\"@id\":\"https:\/\/mijneltako.be\/fr\/#\/schema\/logo\/image\/\"}}]}<\/script>\n<!-- \/ Yoast SEO plugin. -->","yoast_head_json":{"title":"ESR12Z-4DX-UC - MijnEltako.be","description":"Koop ESR12Z-4DX-UC eenvoudig online bij MijnEltako.be. Onafhankelijke Eltako webshop sinds 2011, snelle levering en scherpe prijzen","robots":{"index":"index","follow":"follow","max-snippet":"max-snippet:-1","max-image-preview":"max-image-preview:large","max-video-preview":"max-video-preview:-1"},"canonical":"https:\/\/mijneltako.be\/product\/esr12z-4dx-uc-eltako\/","og_locale":"fr_FR","og_type":"article","og_title":"ESR12Z-4DX-UC - MijnEltako.be","og_description":"Koop ESR12Z-4DX-UC eenvoudig online bij MijnEltako.be. Onafhankelijke Eltako webshop sinds 2011, snelle levering en scherpe prijzen","og_url":"https:\/\/mijneltako.be\/product\/esr12z-4dx-uc-eltako\/","og_site_name":"MijnEltako.be","article_modified_time":"2025-05-14T20:26:48+00:00","og_image":[{"width":1000,"height":1000,"url":"https:\/\/mijneltako.be\/wp-content\/uploads\/2025\/05\/ESR12Z-4DX-UC-Eltako.jpg","type":"image\/jpeg"}],"twitter_card":"summary_large_image","schema":{"@context":"https:\/\/schema.org","@graph":[{"@type":"WebPage","@id":"https:\/\/mijneltako.be\/product\/esr12z-4dx-uc-eltako\/","url":"https:\/\/mijneltako.be\/product\/esr12z-4dx-uc-eltako\/","name":"ESR12Z-4DX-UC - MijnEltako.be","isPartOf":{"@id":"https:\/\/mijneltako.be\/fr\/#website"},"primaryImageOfPage":{"@id":"https:\/\/mijneltako.be\/product\/esr12z-4dx-uc-eltako\/#primaryimage"},"image":{"@id":"https:\/\/mijneltako.be\/product\/esr12z-4dx-uc-eltako\/#primaryimage"},"thumbnailUrl":"https:\/\/mijneltako.be\/wp-content\/uploads\/2025\/05\/ESR12Z-4DX-UC-Eltako.jpg","datePublished":"2024-11-22T21:28:16+00:00","dateModified":"2025-05-14T20:26:48+00:00","description":"Koop ESR12Z-4DX-UC eenvoudig online bij MijnEltako.be. Onafhankelijke Eltako webshop sinds 2011, snelle levering en scherpe prijzen","breadcrumb":{"@id":"https:\/\/mijneltako.be\/product\/esr12z-4dx-uc-eltako\/#breadcrumb"},"inLanguage":"fr-FR","potentialAction":[{"@type":"ReadAction","target":["https:\/\/mijneltako.be\/product\/esr12z-4dx-uc-eltako\/"]}]},{"@type":"ImageObject","inLanguage":"fr-FR","@id":"https:\/\/mijneltako.be\/product\/esr12z-4dx-uc-eltako\/#primaryimage","url":"https:\/\/mijneltako.be\/wp-content\/uploads\/2025\/05\/ESR12Z-4DX-UC-Eltako.jpg","contentUrl":"https:\/\/mijneltako.be\/wp-content\/uploads\/2025\/05\/ESR12Z-4DX-UC-Eltako.jpg","width":1000,"height":1000},{"@type":"BreadcrumbList","@id":"https:\/\/mijneltako.be\/product\/esr12z-4dx-uc-eltako\/#breadcrumb","itemListElement":[{"@type":"ListItem","position":1,"name":"Home","item":"https:\/\/mijneltako.be\/fr\/"},{"@type":"ListItem","position":2,"name":"Shop","item":"https:\/\/mijneltako.be\/fr\/shop\/"},{"@type":"ListItem","position":3,"name":"ESR12Z-4DX-UC"}]},{"@type":"WebSite","@id":"https:\/\/mijneltako.be\/fr\/#website","url":"https:\/\/mijneltako.be\/fr\/","name":"MijnEltako.be | Eltako webwinkel sinds 2011","description":"Boutique en ligne ind\u00e9pendante d&#039;Eltako depuis 2011","publisher":{"@id":"https:\/\/mijneltako.be\/fr\/#organization"},"alternateName":"MijnEltako.be | Eltako webwinkel","potentialAction":[{"@type":"SearchAction","target":{"@type":"EntryPoint","urlTemplate":"https:\/\/mijneltako.be\/fr\/?s={search_term_string}"},"query-input":{"@type":"PropertyValueSpecification","valueRequired":true,"valueName":"search_term_string"}}],"inLanguage":"fr-FR"},{"@type":"Organization","@id":"https:\/\/mijneltako.be\/fr\/#organization","name":"MijnEltako.be | Eltako materiaal aan de beste prijs.","alternateName":"MijnEltako.be | Eltako webwinkel","url":"https:\/\/mijneltako.be\/fr\/","logo":{"@type":"ImageObject","inLanguage":"fr-FR","@id":"https:\/\/mijneltako.be\/fr\/#\/schema\/logo\/image\/","url":"https:\/\/mijneltako.be\/wp-content\/uploads\/2024\/12\/logo2024.png","contentUrl":"https:\/\/mijneltako.be\/wp-content\/uploads\/2024\/12\/logo2024.png","width":3685,"height":581,"caption":"MijnEltako.be | Eltako materiaal aan de beste prijs."},"image":{"@id":"https:\/\/mijneltako.be\/fr\/#\/schema\/logo\/image\/"}}]}},"_links":{"self":[{"href":"https:\/\/mijneltako.be\/fr\/wp-json\/wp\/v2\/product\/802275","targetHints":{"allow":["GET"]}}],"collection":[{"href":"https:\/\/mijneltako.be\/fr\/wp-json\/wp\/v2\/product"}],"about":[{"href":"https:\/\/mijneltako.be\/fr\/wp-json\/wp\/v2\/types\/product"}],"wp:featuredmedia":[{"embeddable":true,"href":"https:\/\/mijneltako.be\/fr\/wp-json\/wp\/v2\/media\/802273"}],"wp:attachment":[{"href":"https:\/\/mijneltako.be\/fr\/wp-json\/wp\/v2\/media?parent=802275"}],"wp:term":[{"taxonomy":"product_brand","embeddable":true,"href":"https:\/\/mijneltako.be\/fr\/wp-json\/wp\/v2\/product_brand?post=802275"},{"taxonomy":"product_cat","embeddable":true,"href":"https:\/\/mijneltako.be\/fr\/wp-json\/wp\/v2\/product_cat?post=802275"},{"taxonomy":"product_tag","embeddable":true,"href":"https:\/\/mijneltako.be\/fr\/wp-json\/wp\/v2\/product_tag?post=802275"}],"curies":[{"name":"wp","href":"https:\/\/api.w.org\/{rel}","templated":true}]}}