{"id":802263,"date":"2024-11-22T21:28:17","date_gmt":"2024-11-22T21:28:17","guid":{"rendered":"https:\/\/mijneltako.be\/product\/lrw12d-uc\/"},"modified":"2025-05-14T20:26:28","modified_gmt":"2025-05-14T20:26:28","slug":"lrw12d-uc","status":"publish","type":"product","link":"https:\/\/mijneltako.be\/fr\/product\/lrw12d-uc\/","title":{"rendered":"LRW12D-UC"},"content":{"rendered":"<p>Relais de capteur \u00e0 r\u00e9glage num\u00e9rique LRW12D-UC<\/p>\n","protected":false},"excerpt":{"rendered":"<p>Relais de capteur \u00e0 r\u00e9glage num\u00e9rique LRW12D-UC<\/p>\n<ul>\n<li>Relais du capteur lumi\u00e8re-obscurit\u00e9-pluie-vent<\/li>\n<li>4 sorties de semi-conducteurs OptoMOS<\/li>\n<li>50mA\/8..230V UC.<\/li>\n<li>Seulement 0,05-0,5 Watt<\/li>\n<\/ul>\n<p><a href=\"https:\/\/www.eltako.com\/fileadmin\/downloads\/vl\/Technische_fiches\/Technische_fiche_LRW12D.pdf\">Fiche technique LRW12D-UC<\/a><\/p>\n","protected":false},"featured_media":802261,"template":"","meta":[],"product_brand":[],"product_cat":[222,225],"product_tag":[66,88],"class_list":{"0":"post-802263","1":"product","2":"type-product","3":"status-publish","4":"has-post-thumbnail","6":"product_cat-capteurs","7":"product_cat-commandes-de-volets-roulants","8":"product_tag-eltako-fr","9":"product_tag-relais-du-capteur","11":"first","12":"instock","13":"taxable","14":"shipping-taxable","15":"purchasable","16":"product-type-simple"},"yoast_head":"<!-- This site is optimized with the Yoast SEO plugin v27.4 - https:\/\/yoast.com\/product\/yoast-seo-wordpress\/ -->\n<title>LRW12D-UC - MijnEltako.be<\/title>\n<meta name=\"description\" content=\"Koop LRW12D-UC eenvoudig online bij MijnEltako.be. Onafhankelijke Eltako webshop sinds 2011, snelle levering en scherpe prijzen\" \/>\n<meta name=\"robots\" content=\"index, follow, max-snippet:-1, max-image-preview:large, max-video-preview:-1\" \/>\n<link rel=\"canonical\" href=\"https:\/\/mijneltako.be\/fr\/product\/lrw12d-uc\/\" \/>\n<meta property=\"og:locale\" content=\"fr_FR\" \/>\n<meta property=\"og:type\" content=\"article\" \/>\n<meta property=\"og:title\" content=\"LRW12D-UC - MijnEltako.be\" \/>\n<meta property=\"og:description\" content=\"Koop LRW12D-UC eenvoudig online bij MijnEltako.be. Onafhankelijke Eltako webshop sinds 2011, snelle levering en scherpe prijzen\" \/>\n<meta property=\"og:url\" content=\"https:\/\/mijneltako.be\/fr\/product\/lrw12d-uc\/\" \/>\n<meta property=\"og:site_name\" content=\"MijnEltako.be\" \/>\n<meta property=\"article:modified_time\" content=\"2025-05-14T20:26:28+00:00\" \/>\n<meta property=\"og:image\" content=\"https:\/\/mijneltako.be\/wp-content\/uploads\/2025\/05\/LRW12D-UC-Eltako.jpg\" \/>\n\t<meta property=\"og:image:width\" content=\"1000\" \/>\n\t<meta property=\"og:image:height\" content=\"1000\" \/>\n\t<meta property=\"og:image:type\" content=\"image\/jpeg\" \/>\n<meta name=\"twitter:card\" content=\"summary_large_image\" \/>\n<script type=\"application\/ld+json\" class=\"yoast-schema-graph\">{\"@context\":\"https:\\\/\\\/schema.org\",\"@graph\":[{\"@type\":\"WebPage\",\"@id\":\"https:\\\/\\\/mijneltako.be\\\/fr\\\/product\\\/lrw12d-uc\\\/\",\"url\":\"https:\\\/\\\/mijneltako.be\\\/fr\\\/product\\\/lrw12d-uc\\\/\",\"name\":\"LRW12D-UC - MijnEltako.be\",\"isPartOf\":{\"@id\":\"https:\\\/\\\/mijneltako.be\\\/fr\\\/#website\"},\"primaryImageOfPage\":{\"@id\":\"https:\\\/\\\/mijneltako.be\\\/fr\\\/product\\\/lrw12d-uc\\\/#primaryimage\"},\"image\":{\"@id\":\"https:\\\/\\\/mijneltako.be\\\/fr\\\/product\\\/lrw12d-uc\\\/#primaryimage\"},\"thumbnailUrl\":\"https:\\\/\\\/mijneltako.be\\\/wp-content\\\/uploads\\\/2025\\\/05\\\/LRW12D-UC-Eltako.jpg\",\"datePublished\":\"2024-11-22T21:28:17+00:00\",\"dateModified\":\"2025-05-14T20:26:28+00:00\",\"description\":\"Koop LRW12D-UC eenvoudig online bij MijnEltako.be. Onafhankelijke Eltako webshop sinds 2011, snelle levering en scherpe prijzen\",\"breadcrumb\":{\"@id\":\"https:\\\/\\\/mijneltako.be\\\/fr\\\/product\\\/lrw12d-uc\\\/#breadcrumb\"},\"inLanguage\":\"fr-FR\",\"potentialAction\":[{\"@type\":\"ReadAction\",\"target\":[\"https:\\\/\\\/mijneltako.be\\\/fr\\\/product\\\/lrw12d-uc\\\/\"]}]},{\"@type\":\"ImageObject\",\"inLanguage\":\"fr-FR\",\"@id\":\"https:\\\/\\\/mijneltako.be\\\/fr\\\/product\\\/lrw12d-uc\\\/#primaryimage\",\"url\":\"https:\\\/\\\/mijneltako.be\\\/wp-content\\\/uploads\\\/2025\\\/05\\\/LRW12D-UC-Eltako.jpg\",\"contentUrl\":\"https:\\\/\\\/mijneltako.be\\\/wp-content\\\/uploads\\\/2025\\\/05\\\/LRW12D-UC-Eltako.jpg\",\"width\":1000,\"height\":1000},{\"@type\":\"BreadcrumbList\",\"@id\":\"https:\\\/\\\/mijneltako.be\\\/fr\\\/product\\\/lrw12d-uc\\\/#breadcrumb\",\"itemListElement\":[{\"@type\":\"ListItem\",\"position\":1,\"name\":\"Home\",\"item\":\"https:\\\/\\\/mijneltako.be\\\/fr\\\/\"},{\"@type\":\"ListItem\",\"position\":2,\"name\":\"Shop\",\"item\":\"https:\\\/\\\/mijneltako.be\\\/fr\\\/shop\\\/\"},{\"@type\":\"ListItem\",\"position\":3,\"name\":\"LRW12D-UC\"}]},{\"@type\":\"WebSite\",\"@id\":\"https:\\\/\\\/mijneltako.be\\\/fr\\\/#website\",\"url\":\"https:\\\/\\\/mijneltako.be\\\/fr\\\/\",\"name\":\"MijnEltako.be | Eltako webwinkel sinds 2011\",\"description\":\"Boutique en ligne ind\u00e9pendante d&#039;Eltako depuis 2011\",\"publisher\":{\"@id\":\"https:\\\/\\\/mijneltako.be\\\/fr\\\/#organization\"},\"alternateName\":\"MijnEltako.be | Eltako webwinkel\",\"potentialAction\":[{\"@type\":\"SearchAction\",\"target\":{\"@type\":\"EntryPoint\",\"urlTemplate\":\"https:\\\/\\\/mijneltako.be\\\/fr\\\/?s={search_term_string}\"},\"query-input\":{\"@type\":\"PropertyValueSpecification\",\"valueRequired\":true,\"valueName\":\"search_term_string\"}}],\"inLanguage\":\"fr-FR\"},{\"@type\":\"Organization\",\"@id\":\"https:\\\/\\\/mijneltako.be\\\/fr\\\/#organization\",\"name\":\"MijnEltako.be | Eltako materiaal aan de beste prijs.\",\"alternateName\":\"MijnEltako.be | Eltako webwinkel\",\"url\":\"https:\\\/\\\/mijneltako.be\\\/fr\\\/\",\"logo\":{\"@type\":\"ImageObject\",\"inLanguage\":\"fr-FR\",\"@id\":\"https:\\\/\\\/mijneltako.be\\\/fr\\\/#\\\/schema\\\/logo\\\/image\\\/\",\"url\":\"https:\\\/\\\/mijneltako.be\\\/wp-content\\\/uploads\\\/2024\\\/12\\\/logo2024.png\",\"contentUrl\":\"https:\\\/\\\/mijneltako.be\\\/wp-content\\\/uploads\\\/2024\\\/12\\\/logo2024.png\",\"width\":3685,\"height\":581,\"caption\":\"MijnEltako.be | Eltako materiaal aan de beste prijs.\"},\"image\":{\"@id\":\"https:\\\/\\\/mijneltako.be\\\/fr\\\/#\\\/schema\\\/logo\\\/image\\\/\"}}]}<\/script>\n<!-- \/ Yoast SEO plugin. -->","yoast_head_json":{"title":"LRW12D-UC - MijnEltako.be","description":"Koop LRW12D-UC eenvoudig online bij MijnEltako.be. Onafhankelijke Eltako webshop sinds 2011, snelle levering en scherpe prijzen","robots":{"index":"index","follow":"follow","max-snippet":"max-snippet:-1","max-image-preview":"max-image-preview:large","max-video-preview":"max-video-preview:-1"},"canonical":"https:\/\/mijneltako.be\/fr\/product\/lrw12d-uc\/","og_locale":"fr_FR","og_type":"article","og_title":"LRW12D-UC - MijnEltako.be","og_description":"Koop LRW12D-UC eenvoudig online bij MijnEltako.be. Onafhankelijke Eltako webshop sinds 2011, snelle levering en scherpe prijzen","og_url":"https:\/\/mijneltako.be\/fr\/product\/lrw12d-uc\/","og_site_name":"MijnEltako.be","article_modified_time":"2025-05-14T20:26:28+00:00","og_image":[{"width":1000,"height":1000,"url":"https:\/\/mijneltako.be\/wp-content\/uploads\/2025\/05\/LRW12D-UC-Eltako.jpg","type":"image\/jpeg"}],"twitter_card":"summary_large_image","schema":{"@context":"https:\/\/schema.org","@graph":[{"@type":"WebPage","@id":"https:\/\/mijneltako.be\/fr\/product\/lrw12d-uc\/","url":"https:\/\/mijneltako.be\/fr\/product\/lrw12d-uc\/","name":"LRW12D-UC - MijnEltako.be","isPartOf":{"@id":"https:\/\/mijneltako.be\/fr\/#website"},"primaryImageOfPage":{"@id":"https:\/\/mijneltako.be\/fr\/product\/lrw12d-uc\/#primaryimage"},"image":{"@id":"https:\/\/mijneltako.be\/fr\/product\/lrw12d-uc\/#primaryimage"},"thumbnailUrl":"https:\/\/mijneltako.be\/wp-content\/uploads\/2025\/05\/LRW12D-UC-Eltako.jpg","datePublished":"2024-11-22T21:28:17+00:00","dateModified":"2025-05-14T20:26:28+00:00","description":"Koop LRW12D-UC eenvoudig online bij MijnEltako.be. Onafhankelijke Eltako webshop sinds 2011, snelle levering en scherpe prijzen","breadcrumb":{"@id":"https:\/\/mijneltako.be\/fr\/product\/lrw12d-uc\/#breadcrumb"},"inLanguage":"fr-FR","potentialAction":[{"@type":"ReadAction","target":["https:\/\/mijneltako.be\/fr\/product\/lrw12d-uc\/"]}]},{"@type":"ImageObject","inLanguage":"fr-FR","@id":"https:\/\/mijneltako.be\/fr\/product\/lrw12d-uc\/#primaryimage","url":"https:\/\/mijneltako.be\/wp-content\/uploads\/2025\/05\/LRW12D-UC-Eltako.jpg","contentUrl":"https:\/\/mijneltako.be\/wp-content\/uploads\/2025\/05\/LRW12D-UC-Eltako.jpg","width":1000,"height":1000},{"@type":"BreadcrumbList","@id":"https:\/\/mijneltako.be\/fr\/product\/lrw12d-uc\/#breadcrumb","itemListElement":[{"@type":"ListItem","position":1,"name":"Home","item":"https:\/\/mijneltako.be\/fr\/"},{"@type":"ListItem","position":2,"name":"Shop","item":"https:\/\/mijneltako.be\/fr\/shop\/"},{"@type":"ListItem","position":3,"name":"LRW12D-UC"}]},{"@type":"WebSite","@id":"https:\/\/mijneltako.be\/fr\/#website","url":"https:\/\/mijneltako.be\/fr\/","name":"MijnEltako.be | Eltako webwinkel sinds 2011","description":"Boutique en ligne ind\u00e9pendante d&#039;Eltako depuis 2011","publisher":{"@id":"https:\/\/mijneltako.be\/fr\/#organization"},"alternateName":"MijnEltako.be | Eltako webwinkel","potentialAction":[{"@type":"SearchAction","target":{"@type":"EntryPoint","urlTemplate":"https:\/\/mijneltako.be\/fr\/?s={search_term_string}"},"query-input":{"@type":"PropertyValueSpecification","valueRequired":true,"valueName":"search_term_string"}}],"inLanguage":"fr-FR"},{"@type":"Organization","@id":"https:\/\/mijneltako.be\/fr\/#organization","name":"MijnEltako.be | Eltako materiaal aan de beste prijs.","alternateName":"MijnEltako.be | Eltako webwinkel","url":"https:\/\/mijneltako.be\/fr\/","logo":{"@type":"ImageObject","inLanguage":"fr-FR","@id":"https:\/\/mijneltako.be\/fr\/#\/schema\/logo\/image\/","url":"https:\/\/mijneltako.be\/wp-content\/uploads\/2024\/12\/logo2024.png","contentUrl":"https:\/\/mijneltako.be\/wp-content\/uploads\/2024\/12\/logo2024.png","width":3685,"height":581,"caption":"MijnEltako.be | Eltako materiaal aan de beste prijs."},"image":{"@id":"https:\/\/mijneltako.be\/fr\/#\/schema\/logo\/image\/"}}]}},"_links":{"self":[{"href":"https:\/\/mijneltako.be\/fr\/wp-json\/wp\/v2\/product\/802263","targetHints":{"allow":["GET"]}}],"collection":[{"href":"https:\/\/mijneltako.be\/fr\/wp-json\/wp\/v2\/product"}],"about":[{"href":"https:\/\/mijneltako.be\/fr\/wp-json\/wp\/v2\/types\/product"}],"wp:featuredmedia":[{"embeddable":true,"href":"https:\/\/mijneltako.be\/fr\/wp-json\/wp\/v2\/media\/802261"}],"wp:attachment":[{"href":"https:\/\/mijneltako.be\/fr\/wp-json\/wp\/v2\/media?parent=802263"}],"wp:term":[{"taxonomy":"product_brand","embeddable":true,"href":"https:\/\/mijneltako.be\/fr\/wp-json\/wp\/v2\/product_brand?post=802263"},{"taxonomy":"product_cat","embeddable":true,"href":"https:\/\/mijneltako.be\/fr\/wp-json\/wp\/v2\/product_cat?post=802263"},{"taxonomy":"product_tag","embeddable":true,"href":"https:\/\/mijneltako.be\/fr\/wp-json\/wp\/v2\/product_tag?post=802263"}],"curies":[{"name":"wp","href":"https:\/\/api.w.org\/{rel}","templated":true}]}}