{"id":802155,"date":"2024-11-22T21:29:07","date_gmt":"2024-11-22T21:29:07","guid":{"rendered":"https:\/\/mijneltako.be\/product\/fmz61-230v\/"},"modified":"2025-05-14T20:21:09","modified_gmt":"2025-05-14T20:21:09","slug":"fmz61-230v","status":"publish","type":"product","link":"https:\/\/mijneltako.be\/fr\/product\/fmz61-230v\/","title":{"rendered":"FMZ61-230V"},"content":{"rendered":"<p>Acteur sans fil &#8211; Relais horaire multifonction FMZ61<\/p>\n","protected":false},"excerpt":{"rendered":"<p>Acteur sans fil &#8211; relais temporis\u00e9 multifonction &#8211; FMZ61-230V &#8211; Eltako<\/p>\n<ul>\n<li>1 contact NO, sans potentiel 10A\/250V AC, lampes \u00e0 incandescence jusqu&#8217;\u00e0 2000W<\/li>\n<li>T\u00e9l\u00e9grammes crypt\u00e9s, bidirectionnels et avec fonction de r\u00e9p\u00e9tition commutable.<\/li>\n<li>Perte en veille de seulement 0,8 W<\/li>\n<\/ul>\n<p><a href=\"https:\/\/www.eltako.com\/fileadmin\/downloads\/nl\/_bedienung\/FMZ61_30100230-3_nl.pdf\">Fiche technique FMZ61<\/a><\/p>\n","protected":false},"featured_media":802153,"template":"","meta":[],"product_brand":[],"product_cat":[221],"product_tag":[66,76],"class_list":{"0":"post-802155","1":"product","2":"type-product","3":"status-publish","4":"has-post-thumbnail","6":"product_cat-sans-fil","7":"product_tag-eltako-fr","8":"product_tag-sans-fil","10":"first","11":"instock","12":"taxable","13":"shipping-taxable","14":"purchasable","15":"product-type-simple"},"yoast_head":"<!-- This site is optimized with the Yoast SEO plugin v27.2 - https:\/\/yoast.com\/product\/yoast-seo-wordpress\/ -->\n<title>FMZ61-230V - MijnEltako.be<\/title>\n<meta name=\"description\" content=\"Koop FMZ61-230V eenvoudig online bij MijnEltako.be. Onafhankelijke Eltako webshop sinds 2011, snelle levering en scherpe prijzen\" \/>\n<meta name=\"robots\" content=\"index, follow, max-snippet:-1, max-image-preview:large, max-video-preview:-1\" \/>\n<link rel=\"canonical\" href=\"https:\/\/mijneltako.be\/product\/wireless-actor-multifunctie-tijdrelais-fmz61-230v-eltako\/\" \/>\n<meta property=\"og:locale\" content=\"fr_FR\" \/>\n<meta property=\"og:type\" content=\"article\" \/>\n<meta property=\"og:title\" content=\"FMZ61-230V - MijnEltako.be\" \/>\n<meta property=\"og:description\" content=\"Koop FMZ61-230V eenvoudig online bij MijnEltako.be. Onafhankelijke Eltako webshop sinds 2011, snelle levering en scherpe prijzen\" \/>\n<meta property=\"og:url\" content=\"https:\/\/mijneltako.be\/product\/wireless-actor-multifunctie-tijdrelais-fmz61-230v-eltako\/\" \/>\n<meta property=\"og:site_name\" content=\"MijnEltako.be\" \/>\n<meta property=\"article:modified_time\" content=\"2025-05-14T20:21:09+00:00\" \/>\n<meta property=\"og:image\" content=\"https:\/\/mijneltako.be\/wp-content\/uploads\/2025\/05\/FMZ61-230V-Eltako.jpg\" \/>\n\t<meta property=\"og:image:width\" content=\"1000\" \/>\n\t<meta property=\"og:image:height\" content=\"1000\" \/>\n\t<meta property=\"og:image:type\" content=\"image\/jpeg\" \/>\n<meta name=\"twitter:card\" content=\"summary_large_image\" \/>\n<script type=\"application\/ld+json\" class=\"yoast-schema-graph\">{\"@context\":\"https:\/\/schema.org\",\"@graph\":[{\"@type\":\"WebPage\",\"@id\":\"https:\/\/mijneltako.be\/product\/wireless-actor-multifunctie-tijdrelais-fmz61-230v-eltako\/\",\"url\":\"https:\/\/mijneltako.be\/product\/wireless-actor-multifunctie-tijdrelais-fmz61-230v-eltako\/\",\"name\":\"FMZ61-230V - MijnEltako.be\",\"isPartOf\":{\"@id\":\"https:\/\/mijneltako.be\/fr\/#website\"},\"primaryImageOfPage\":{\"@id\":\"https:\/\/mijneltako.be\/product\/wireless-actor-multifunctie-tijdrelais-fmz61-230v-eltako\/#primaryimage\"},\"image\":{\"@id\":\"https:\/\/mijneltako.be\/product\/wireless-actor-multifunctie-tijdrelais-fmz61-230v-eltako\/#primaryimage\"},\"thumbnailUrl\":\"https:\/\/mijneltako.be\/wp-content\/uploads\/2025\/05\/FMZ61-230V-Eltako.jpg\",\"datePublished\":\"2024-11-22T21:29:07+00:00\",\"dateModified\":\"2025-05-14T20:21:09+00:00\",\"description\":\"Koop FMZ61-230V eenvoudig online bij MijnEltako.be. Onafhankelijke Eltako webshop sinds 2011, snelle levering en scherpe prijzen\",\"breadcrumb\":{\"@id\":\"https:\/\/mijneltako.be\/product\/wireless-actor-multifunctie-tijdrelais-fmz61-230v-eltako\/#breadcrumb\"},\"inLanguage\":\"fr-FR\",\"potentialAction\":[{\"@type\":\"ReadAction\",\"target\":[\"https:\/\/mijneltako.be\/product\/wireless-actor-multifunctie-tijdrelais-fmz61-230v-eltako\/\"]}]},{\"@type\":\"ImageObject\",\"inLanguage\":\"fr-FR\",\"@id\":\"https:\/\/mijneltako.be\/product\/wireless-actor-multifunctie-tijdrelais-fmz61-230v-eltako\/#primaryimage\",\"url\":\"https:\/\/mijneltako.be\/wp-content\/uploads\/2025\/05\/FMZ61-230V-Eltako.jpg\",\"contentUrl\":\"https:\/\/mijneltako.be\/wp-content\/uploads\/2025\/05\/FMZ61-230V-Eltako.jpg\",\"width\":1000,\"height\":1000},{\"@type\":\"BreadcrumbList\",\"@id\":\"https:\/\/mijneltako.be\/product\/wireless-actor-multifunctie-tijdrelais-fmz61-230v-eltako\/#breadcrumb\",\"itemListElement\":[{\"@type\":\"ListItem\",\"position\":1,\"name\":\"Home\",\"item\":\"https:\/\/mijneltako.be\/fr\/\"},{\"@type\":\"ListItem\",\"position\":2,\"name\":\"Shop\",\"item\":\"https:\/\/mijneltako.be\/fr\/shop\/\"},{\"@type\":\"ListItem\",\"position\":3,\"name\":\"FMZ61-230V\"}]},{\"@type\":\"WebSite\",\"@id\":\"https:\/\/mijneltako.be\/fr\/#website\",\"url\":\"https:\/\/mijneltako.be\/fr\/\",\"name\":\"MijnEltako.be | Eltako webwinkel sinds 2011\",\"description\":\"Boutique en ligne ind\u00e9pendante d&#039;Eltako depuis 2011\",\"publisher\":{\"@id\":\"https:\/\/mijneltako.be\/fr\/#organization\"},\"alternateName\":\"MijnEltako.be | Eltako webwinkel\",\"potentialAction\":[{\"@type\":\"SearchAction\",\"target\":{\"@type\":\"EntryPoint\",\"urlTemplate\":\"https:\/\/mijneltako.be\/fr\/?s={search_term_string}\"},\"query-input\":{\"@type\":\"PropertyValueSpecification\",\"valueRequired\":true,\"valueName\":\"search_term_string\"}}],\"inLanguage\":\"fr-FR\"},{\"@type\":\"Organization\",\"@id\":\"https:\/\/mijneltako.be\/fr\/#organization\",\"name\":\"MijnEltako.be | Eltako materiaal aan de beste prijs.\",\"alternateName\":\"MijnEltako.be | Eltako webwinkel\",\"url\":\"https:\/\/mijneltako.be\/fr\/\",\"logo\":{\"@type\":\"ImageObject\",\"inLanguage\":\"fr-FR\",\"@id\":\"https:\/\/mijneltako.be\/fr\/#\/schema\/logo\/image\/\",\"url\":\"https:\/\/mijneltako.be\/wp-content\/uploads\/2024\/12\/logo2024.png\",\"contentUrl\":\"https:\/\/mijneltako.be\/wp-content\/uploads\/2024\/12\/logo2024.png\",\"width\":3685,\"height\":581,\"caption\":\"MijnEltako.be | Eltako materiaal aan de beste prijs.\"},\"image\":{\"@id\":\"https:\/\/mijneltako.be\/fr\/#\/schema\/logo\/image\/\"}}]}<\/script>\n<!-- \/ Yoast SEO plugin. -->","yoast_head_json":{"title":"FMZ61-230V - MijnEltako.be","description":"Koop FMZ61-230V eenvoudig online bij MijnEltako.be. Onafhankelijke Eltako webshop sinds 2011, snelle levering en scherpe prijzen","robots":{"index":"index","follow":"follow","max-snippet":"max-snippet:-1","max-image-preview":"max-image-preview:large","max-video-preview":"max-video-preview:-1"},"canonical":"https:\/\/mijneltako.be\/product\/wireless-actor-multifunctie-tijdrelais-fmz61-230v-eltako\/","og_locale":"fr_FR","og_type":"article","og_title":"FMZ61-230V - MijnEltako.be","og_description":"Koop FMZ61-230V eenvoudig online bij MijnEltako.be. Onafhankelijke Eltako webshop sinds 2011, snelle levering en scherpe prijzen","og_url":"https:\/\/mijneltako.be\/product\/wireless-actor-multifunctie-tijdrelais-fmz61-230v-eltako\/","og_site_name":"MijnEltako.be","article_modified_time":"2025-05-14T20:21:09+00:00","og_image":[{"width":1000,"height":1000,"url":"https:\/\/mijneltako.be\/wp-content\/uploads\/2025\/05\/FMZ61-230V-Eltako.jpg","type":"image\/jpeg"}],"twitter_card":"summary_large_image","schema":{"@context":"https:\/\/schema.org","@graph":[{"@type":"WebPage","@id":"https:\/\/mijneltako.be\/product\/wireless-actor-multifunctie-tijdrelais-fmz61-230v-eltako\/","url":"https:\/\/mijneltako.be\/product\/wireless-actor-multifunctie-tijdrelais-fmz61-230v-eltako\/","name":"FMZ61-230V - MijnEltako.be","isPartOf":{"@id":"https:\/\/mijneltako.be\/fr\/#website"},"primaryImageOfPage":{"@id":"https:\/\/mijneltako.be\/product\/wireless-actor-multifunctie-tijdrelais-fmz61-230v-eltako\/#primaryimage"},"image":{"@id":"https:\/\/mijneltako.be\/product\/wireless-actor-multifunctie-tijdrelais-fmz61-230v-eltako\/#primaryimage"},"thumbnailUrl":"https:\/\/mijneltako.be\/wp-content\/uploads\/2025\/05\/FMZ61-230V-Eltako.jpg","datePublished":"2024-11-22T21:29:07+00:00","dateModified":"2025-05-14T20:21:09+00:00","description":"Koop FMZ61-230V eenvoudig online bij MijnEltako.be. Onafhankelijke Eltako webshop sinds 2011, snelle levering en scherpe prijzen","breadcrumb":{"@id":"https:\/\/mijneltako.be\/product\/wireless-actor-multifunctie-tijdrelais-fmz61-230v-eltako\/#breadcrumb"},"inLanguage":"fr-FR","potentialAction":[{"@type":"ReadAction","target":["https:\/\/mijneltako.be\/product\/wireless-actor-multifunctie-tijdrelais-fmz61-230v-eltako\/"]}]},{"@type":"ImageObject","inLanguage":"fr-FR","@id":"https:\/\/mijneltako.be\/product\/wireless-actor-multifunctie-tijdrelais-fmz61-230v-eltako\/#primaryimage","url":"https:\/\/mijneltako.be\/wp-content\/uploads\/2025\/05\/FMZ61-230V-Eltako.jpg","contentUrl":"https:\/\/mijneltako.be\/wp-content\/uploads\/2025\/05\/FMZ61-230V-Eltako.jpg","width":1000,"height":1000},{"@type":"BreadcrumbList","@id":"https:\/\/mijneltako.be\/product\/wireless-actor-multifunctie-tijdrelais-fmz61-230v-eltako\/#breadcrumb","itemListElement":[{"@type":"ListItem","position":1,"name":"Home","item":"https:\/\/mijneltako.be\/fr\/"},{"@type":"ListItem","position":2,"name":"Shop","item":"https:\/\/mijneltako.be\/fr\/shop\/"},{"@type":"ListItem","position":3,"name":"FMZ61-230V"}]},{"@type":"WebSite","@id":"https:\/\/mijneltako.be\/fr\/#website","url":"https:\/\/mijneltako.be\/fr\/","name":"MijnEltako.be | Eltako webwinkel sinds 2011","description":"Boutique en ligne ind\u00e9pendante d&#039;Eltako depuis 2011","publisher":{"@id":"https:\/\/mijneltako.be\/fr\/#organization"},"alternateName":"MijnEltako.be | Eltako webwinkel","potentialAction":[{"@type":"SearchAction","target":{"@type":"EntryPoint","urlTemplate":"https:\/\/mijneltako.be\/fr\/?s={search_term_string}"},"query-input":{"@type":"PropertyValueSpecification","valueRequired":true,"valueName":"search_term_string"}}],"inLanguage":"fr-FR"},{"@type":"Organization","@id":"https:\/\/mijneltako.be\/fr\/#organization","name":"MijnEltako.be | Eltako materiaal aan de beste prijs.","alternateName":"MijnEltako.be | Eltako webwinkel","url":"https:\/\/mijneltako.be\/fr\/","logo":{"@type":"ImageObject","inLanguage":"fr-FR","@id":"https:\/\/mijneltako.be\/fr\/#\/schema\/logo\/image\/","url":"https:\/\/mijneltako.be\/wp-content\/uploads\/2024\/12\/logo2024.png","contentUrl":"https:\/\/mijneltako.be\/wp-content\/uploads\/2024\/12\/logo2024.png","width":3685,"height":581,"caption":"MijnEltako.be | Eltako materiaal aan de beste prijs."},"image":{"@id":"https:\/\/mijneltako.be\/fr\/#\/schema\/logo\/image\/"}}]}},"_links":{"self":[{"href":"https:\/\/mijneltako.be\/fr\/wp-json\/wp\/v2\/product\/802155","targetHints":{"allow":["GET"]}}],"collection":[{"href":"https:\/\/mijneltako.be\/fr\/wp-json\/wp\/v2\/product"}],"about":[{"href":"https:\/\/mijneltako.be\/fr\/wp-json\/wp\/v2\/types\/product"}],"wp:featuredmedia":[{"embeddable":true,"href":"https:\/\/mijneltako.be\/fr\/wp-json\/wp\/v2\/media\/802153"}],"wp:attachment":[{"href":"https:\/\/mijneltako.be\/fr\/wp-json\/wp\/v2\/media?parent=802155"}],"wp:term":[{"taxonomy":"product_brand","embeddable":true,"href":"https:\/\/mijneltako.be\/fr\/wp-json\/wp\/v2\/product_brand?post=802155"},{"taxonomy":"product_cat","embeddable":true,"href":"https:\/\/mijneltako.be\/fr\/wp-json\/wp\/v2\/product_cat?post=802155"},{"taxonomy":"product_tag","embeddable":true,"href":"https:\/\/mijneltako.be\/fr\/wp-json\/wp\/v2\/product_tag?post=802155"}],"curies":[{"name":"wp","href":"https:\/\/api.w.org\/{rel}","templated":true}]}}