{"id":801490,"date":"2024-12-28T16:44:25","date_gmt":"2024-12-28T16:44:25","guid":{"rendered":"https:\/\/mijneltako.be\/?page_id=801490"},"modified":"2025-09-24T13:37:35","modified_gmt":"2025-09-24T13:37:35","slug":"blog","status":"publish","type":"page","link":"https:\/\/mijneltako.be\/fr\/blog\/","title":{"rendered":"Blog"},"content":{"rendered":"\t\t<div data-elementor-type=\"wp-page\" data-elementor-id=\"801490\" class=\"elementor elementor-801490\">\n\t\t\t\t<div class=\"elementor-element elementor-element-07e1cdc e-flex e-con-boxed e-con e-parent\" data-id=\"07e1cdc\" data-element_type=\"container\" data-e-type=\"container\">\n\t\t\t\t\t<div class=\"e-con-inner\">\n\t\t\t\t<div class=\"elementor-element elementor-element-1d6336f elementor-widget elementor-widget-reza_blog\" data-id=\"1d6336f\" data-element_type=\"widget\" data-e-type=\"widget\" data-widget_type=\"reza_blog.default\">\n\t\t\t\t<div class=\"elementor-widget-container\">\n\t\t\t\t\t  \t\t <div class=\"hw-elementor-1d6336f\">      \r\n  \t\t\t\r\n            \r\n            \t\t\r\n\t\t <aside  class=\"hw-el-1d6336f hw-ajax-tab hw-gap-20px hw-ratio60  hw-align-left hw_img_width_35 hw-boxed-item   hw-hover-grow   \"  >\r\n\t\t\t\r\n\t\t\t\r\n\t\t\t\t\t\t<div class=\"hw-gap-content\">\r\n\t\t\t<div class=\"hw-gap-warp\">\r\n\t\t\t\t<div class=\"hw-item-list hw-flex hw-aw  hw_col_1_1 hw_tab_1_1 hw_mob_1_1hw_tab_1_1 hw_mob_1_1\">\r\n\t\t\t\t\r\n\t\t\t\t\t    \r\n    <div class=\"hw-item hw-module-1   \">\r\n \t<div class=\"hw-post-blog\" >\r\n   \t\t\t\t\t\r\n\t\t            <div class=\"hw-thumb\" > \r\n            \r\n                <a href=\"https:\/\/mijneltako.be\/fr\/pourquoi-une-bonne-alimentation-electrique-est-cruciale-pour-votre-installation-domotique\/\"   >\r\n                \r\n                    <img fetchpriority=\"high\" decoding=\"async\" width=\"1019\" height=\"1025\" src=\"https:\/\/mijneltako.be\/wp-content\/uploads\/2025\/11\/EltakoSlimWonen.png\"  alt=\"Pourquoi une bonne alimentation \u00e9lectrique est cruciale pour votre installation domotique\" \/>                    \r\n                                            <figure style=\"background-image:url('https:\/\/mijneltako.be\/wp-content\/uploads\/2025\/11\/EltakoSlimWonen.png');\"><\/figure>\r\n                                        \r\n                 <\/a>\r\n                 \r\n                      \r\n                    <figcaption>\r\n                        <div class=\"hw-hover-icon\">\r\n\t\t<a class=\"hw-hover-img\" href=\"https:\/\/mijneltako.be\/wp-content\/uploads\/2025\/11\/EltakoSlimWonen.png\"><\/a><a class=\"hw-hover-post\"  href=\"https:\/\/mijneltako.be\/fr\/pourquoi-une-bonne-alimentation-electrique-est-cruciale-pour-votre-installation-domotique\/\"><\/a>\r\n\t<\/div>\r\n\t                    <\/figcaption> \r\n    \r\n                                  \r\n            <\/div>\r\n\t\t                      \r\n \t\t<div class=\"hw-details\">\r\n\t\t        \r\n\t\t\t    \r\n \t<h3 class=\"hw-title\"><a href=\"https:\/\/mijneltako.be\/fr\/pourquoi-une-bonne-alimentation-electrique-est-cruciale-pour-votre-installation-domotique\/\">Pourquoi une bonne alimentation \u00e9lectrique est cruciale pour votre installation domotique<\/a><\/h3>\r\n \t \t\r\n\t  \r\n\t  \r\n\t\t<ul class=\"hw-meta\">\r\n  \r\n  \t\t\t<li class=\"hw-cats\"><div class=\"hw-all-category-blog\"><a href=\"https:\/\/mijneltako.be\/fr\/category\/domotique\/\">Domotique<\/a><\/div><\/li><li class=\"hw-date\">November 8, 2025<\/li> \t\t \r\n\t<\/ul> \r\n      \r\n\t\t\t<div class=\"hw-excerpt\">Pourquoi une bonne alimentation \u00e9lectrique est cruciale pour votre installation domotique Lorsque nous parlons de circuits intelligents, de commandes de volets, de gradateurs et de commandes sans fil, nous pensons souvent \u00e0 des modules tels que des relais, des gradateurs et des unit\u00e9s de commande. Mais il y a un composant auquel on ne pr\u00eate [&hellip;]<\/div>\r\n\t\t              \r\n\t\t<\/div>\r\n\t<\/div> \r\n\t<\/div>\r\n\r\n    \r\n    <div class=\"hw-item hw-module-1   \">\r\n \t<div class=\"hw-post-blog\" >\r\n   \t\t\t\t\t\r\n\t\t            <div class=\"hw-thumb\" > \r\n            \r\n                <a href=\"https:\/\/mijneltako.be\/fr\/decouvrez-les-avantages-des-variateurs-eltako\/\"   >\r\n                \r\n                    <img decoding=\"async\" width=\"1024\" height=\"1024\" src=\"https:\/\/mijneltako.be\/wp-content\/uploads\/2025\/09\/EltakoDimmer.png\"  alt=\"D\u00e9couvrez les avantages des variateurs Eltako\" \/>                    \r\n                                            <figure style=\"background-image:url('https:\/\/mijneltako.be\/wp-content\/uploads\/2025\/09\/EltakoDimmer.png');\"><\/figure>\r\n                                        \r\n                 <\/a>\r\n                 \r\n                      \r\n                    <figcaption>\r\n                        <div class=\"hw-hover-icon\">\r\n\t\t<a class=\"hw-hover-img\" href=\"https:\/\/mijneltako.be\/wp-content\/uploads\/2025\/09\/EltakoDimmer.png\"><\/a><a class=\"hw-hover-post\"  href=\"https:\/\/mijneltako.be\/fr\/decouvrez-les-avantages-des-variateurs-eltako\/\"><\/a>\r\n\t<\/div>\r\n\t                    <\/figcaption> \r\n    \r\n                                  \r\n            <\/div>\r\n\t\t                      \r\n \t\t<div class=\"hw-details\">\r\n\t\t        \r\n\t\t\t    \r\n \t<h3 class=\"hw-title\"><a href=\"https:\/\/mijneltako.be\/fr\/decouvrez-les-avantages-des-variateurs-eltako\/\">D\u00e9couvrez les avantages des variateurs Eltako<\/a><\/h3>\r\n \t \t\r\n\t  \r\n\t  \r\n\t\t<ul class=\"hw-meta\">\r\n  \r\n  \t\t\t<li class=\"hw-cats\"><div class=\"hw-all-category-blog\"><a href=\"https:\/\/mijneltako.be\/fr\/category\/economie-denergie\/\">\u00c9conomie d&#039;\u00e9nergie<\/a><\/div><\/li><li class=\"hw-date\">September 24, 2025<\/li> \t\t \r\n\t<\/ul> \r\n      \r\n\t\t\t<div class=\"hw-excerpt\">D\u00e9couvrez les avantages des variateurs Eltako pour l&#8217;\u00e9clairage intelligent L&#8217;\u00e9clairage intelligent est de plus en plus populaire dans les maisons modernes. Non seulement parce qu&#8217;il apporte confort et ambiance, mais aussi parce qu&#8217;il vous permet d&#8217;\u00e9conomiser de l&#8217;\u00e9nergie. Un bon variateur est donc indispensable. Avec les variateurs d&#8217;Eltako, vous optez pour la qualit\u00e9, la facilit\u00e9 [&hellip;]<\/div>\r\n\t\t              \r\n\t\t<\/div>\r\n\t<\/div> \r\n\t<\/div>\r\n\r\n    \r\n    <div class=\"hw-item hw-module-1   \">\r\n \t<div class=\"hw-post-blog\" >\r\n   \t\t\t\t\t\r\n\t\t            <div class=\"hw-thumb\" > \r\n            \r\n                <a href=\"https:\/\/mijneltako.be\/fr\/pourquoi-une-commande-de-volet-roulant-eltako-est-un-choix-judicieux-pour-toute-maison-moderne\/\"   >\r\n                \r\n                    <img decoding=\"async\" width=\"1024\" height=\"1024\" src=\"https:\/\/mijneltako.be\/wp-content\/uploads\/2025\/05\/Rolluiksturingkopen.png\"  alt=\"Pourquoi une commande de volet roulant Eltako est un choix judicieux pour toute maison moderne ?\" \/>                    \r\n                                            <figure style=\"background-image:url('https:\/\/mijneltako.be\/wp-content\/uploads\/2025\/05\/Rolluiksturingkopen.png');\"><\/figure>\r\n                                        \r\n                 <\/a>\r\n                 \r\n                      \r\n                    <figcaption>\r\n                        <div class=\"hw-hover-icon\">\r\n\t\t<a class=\"hw-hover-img\" href=\"https:\/\/mijneltako.be\/wp-content\/uploads\/2025\/05\/Rolluiksturingkopen.png\"><\/a><a class=\"hw-hover-post\"  href=\"https:\/\/mijneltako.be\/fr\/pourquoi-une-commande-de-volet-roulant-eltako-est-un-choix-judicieux-pour-toute-maison-moderne\/\"><\/a>\r\n\t<\/div>\r\n\t                    <\/figcaption> \r\n    \r\n                                  \r\n            <\/div>\r\n\t\t                      \r\n \t\t<div class=\"hw-details\">\r\n\t\t        \r\n\t\t\t    \r\n \t<h3 class=\"hw-title\"><a href=\"https:\/\/mijneltako.be\/fr\/pourquoi-une-commande-de-volet-roulant-eltako-est-un-choix-judicieux-pour-toute-maison-moderne\/\">Pourquoi une commande de volet roulant Eltako est un choix judicieux pour toute maison moderne ?<\/a><\/h3>\r\n \t \t\r\n\t  \r\n\t  \r\n\t\t<ul class=\"hw-meta\">\r\n  \r\n  \t\t\t<li class=\"hw-cats\"><div class=\"hw-all-category-blog\"><a href=\"https:\/\/mijneltako.be\/fr\/category\/domotique\/\">Domotique<\/a><\/div><\/li><li class=\"hw-date\">May 14, 2025<\/li> \t\t \r\n\t<\/ul> \r\n      \r\n\t\t\t<div class=\"hw-excerpt\">Pourquoi une commande de volet roulant Eltako est un choix judicieux pour toute maison moderne ? Vous cherchez un moyen intelligent et fiable de commander vos volets roulants ? Avec la commande de volets roulants Eltako, vous choisissez le confort, la s\u00e9curit\u00e9 et l&#8217;efficacit\u00e9 \u00e9nerg\u00e9tique. D\u00e9couvrez pourquoi de plus en plus d&#8217;installateurs et de propri\u00e9taires [&hellip;]<\/div>\r\n\t\t              \r\n\t\t<\/div>\r\n\t<\/div> \r\n\t<\/div>\r\n\r\n    \r\n    <div class=\"hw-item hw-module-1   \">\r\n \t<div class=\"hw-post-blog\" >\r\n   \t\t\t\t\t\r\n\t\t            <div class=\"hw-thumb\" > \r\n            \r\n                <a href=\"https:\/\/mijneltako.be\/fr\/5-facons-deconomiser-de-lenergie-avec-les-produits-eltako\/\"   >\r\n                \r\n                    <img loading=\"lazy\" decoding=\"async\" width=\"1024\" height=\"1024\" src=\"https:\/\/mijneltako.be\/wp-content\/uploads\/2024\/12\/30c220a5-da19-475f-98e9-c276a94d1c48.webp\"  alt=\"5 fa\u00e7ons d&#8217;\u00e9conomiser de l&#8217;\u00e9nergie avec les produits Eltako\" \/>                    \r\n                                            <figure style=\"background-image:url('https:\/\/mijneltako.be\/wp-content\/uploads\/2024\/12\/30c220a5-da19-475f-98e9-c276a94d1c48.webp');\"><\/figure>\r\n                                        \r\n                 <\/a>\r\n                 \r\n                      \r\n                    <figcaption>\r\n                        <div class=\"hw-hover-icon\">\r\n\t\t<a class=\"hw-hover-img\" href=\"https:\/\/mijneltako.be\/wp-content\/uploads\/2024\/12\/30c220a5-da19-475f-98e9-c276a94d1c48.webp\"><\/a><a class=\"hw-hover-post\"  href=\"https:\/\/mijneltako.be\/fr\/5-facons-deconomiser-de-lenergie-avec-les-produits-eltako\/\"><\/a>\r\n\t<\/div>\r\n\t                    <\/figcaption> \r\n    \r\n                                  \r\n            <\/div>\r\n\t\t                      \r\n \t\t<div class=\"hw-details\">\r\n\t\t        \r\n\t\t\t    \r\n \t<h3 class=\"hw-title\"><a href=\"https:\/\/mijneltako.be\/fr\/5-facons-deconomiser-de-lenergie-avec-les-produits-eltako\/\">5 fa\u00e7ons d&#8217;\u00e9conomiser de l&#8217;\u00e9nergie avec les produits Eltako<\/a><\/h3>\r\n \t \t\r\n\t  \r\n\t  \r\n\t\t<ul class=\"hw-meta\">\r\n  \r\n  \t\t\t<li class=\"hw-cats\"><div class=\"hw-all-category-blog\"><a href=\"https:\/\/mijneltako.be\/fr\/category\/conseils-pratiques\/\">Conseils pratiques<\/a><\/div><\/li><li class=\"hw-date\">December 21, 2024<\/li> \t\t \r\n\t<\/ul> \r\n      \r\n\t\t\t<div class=\"hw-excerpt\">\u00c9conomiser de l&#8217;\u00e9nergie n&#8217;a pas besoin d&#8217;\u00eatre compliqu\u00e9. Avec les solutions intelligentes d&#8217;Eltako, vous pouvez r\u00e9duire vos co\u00fbts \u00e9nerg\u00e9tiques tout en contribuant \u00e0 un monde plus durable. Voici 5 fa\u00e7ons dont les produits Eltako peuvent vous aider \u00e0 mieux g\u00e9rer votre \u00e9nergie : 1. Utilisez un compteur kWh pour comprendre votre consommation Avec un compteur [&hellip;]<\/div>\r\n\t\t              \r\n\t\t<\/div>\r\n\t<\/div> \r\n\t<\/div>\r\n\r\n    \r\n    <div class=\"hw-item hw-module-1   \">\r\n \t<div class=\"hw-post-blog\" >\r\n   \t\t\t\t\t\r\n\t\t            <div class=\"hw-thumb\" > \r\n            \r\n                <a href=\"https:\/\/mijneltako.be\/fr\/pourquoi-choisir-les-solutions-sans-fil-deltako\/\"   >\r\n                \r\n                    <img loading=\"lazy\" decoding=\"async\" width=\"1024\" height=\"1024\" src=\"https:\/\/mijneltako.be\/wp-content\/uploads\/2024\/12\/d69396d5-cfe4-4d6e-8050-3f41c4ced062.webp\"  alt=\"Pourquoi choisir les solutions sans fil d&#8217;Eltako ?\" \/>                    \r\n                                            <figure style=\"background-image:url('https:\/\/mijneltako.be\/wp-content\/uploads\/2024\/12\/d69396d5-cfe4-4d6e-8050-3f41c4ced062.webp');\"><\/figure>\r\n                                        \r\n                 <\/a>\r\n                 \r\n                      \r\n                    <figcaption>\r\n                        <div class=\"hw-hover-icon\">\r\n\t\t<a class=\"hw-hover-img\" href=\"https:\/\/mijneltako.be\/wp-content\/uploads\/2024\/12\/d69396d5-cfe4-4d6e-8050-3f41c4ced062.webp\"><\/a><a class=\"hw-hover-post\"  href=\"https:\/\/mijneltako.be\/fr\/pourquoi-choisir-les-solutions-sans-fil-deltako\/\"><\/a>\r\n\t<\/div>\r\n\t                    <\/figcaption> \r\n    \r\n                                  \r\n            <\/div>\r\n\t\t                      \r\n \t\t<div class=\"hw-details\">\r\n\t\t        \r\n\t\t\t    \r\n \t<h3 class=\"hw-title\"><a href=\"https:\/\/mijneltako.be\/fr\/pourquoi-choisir-les-solutions-sans-fil-deltako\/\">Pourquoi choisir les solutions sans fil d&#8217;Eltako ?<\/a><\/h3>\r\n \t \t\r\n\t  \r\n\t  \r\n\t\t<ul class=\"hw-meta\">\r\n  \r\n  \t\t\t<li class=\"hw-cats\"><div class=\"hw-all-category-blog\"><a href=\"https:\/\/mijneltako.be\/fr\/category\/conseils-pratiques\/\">Conseils pratiques<\/a><\/div><\/li><li class=\"hw-date\">December 21, 2024<\/li> \t\t \r\n\t<\/ul> \r\n      \r\n\t\t\t<div class=\"hw-excerpt\">Dans un monde o\u00f9 la flexibilit\u00e9 et la durabilit\u00e9 sont de plus en plus importantes, les solutions sans fil d&#8217;Eltako offrent l&#8217;\u00e9quilibre parfait. Gr\u00e2ce \u00e0 la technologie innovante EnOcean, vous pouvez utiliser des interrupteurs, des capteurs et d&#8217;autres appareils sans avoir besoin de piles ou de c\u00e2blage suppl\u00e9mentaire. Qu&#8217;est-ce qui rend la technologie sans fil [&hellip;]<\/div>\r\n\t\t              \r\n\t\t<\/div>\r\n\t<\/div> \r\n\t<\/div>\r\n\r\n\t\t\t\t\t\r\n\t\t\t\t<\/div>\r\n\t\t\t\t\r\n\t\t\t\t\r\n\t\t\t\t                \r\n\t\t\t<\/div> \r\n\t\t\t<\/div> \r\n\t\t\t\r\n\t\t<\/aside>  \r\n\t\t\r\n\t\t\r\n\t\t\t\t \r\n\t\t\t\t\r\n\t\r\n    \t<\/div>\r\n   \r\n\t\t \t\t\t\t<\/div>\n\t\t\t\t<\/div>\n\t\t\t\t\t<\/div>\n\t\t\t\t<\/div>\n\t\t\t\t<\/div>\n\t\t","protected":false},"excerpt":{"rendered":"<p>Ontdek de voordelen van Eltako dimmers Eltako producten september 24, 2025 Ontdek de voordelen van Eltako dimmers voor slimme verlichting Slimme verlichting wordt steeds populairder in moderne woningen. Niet alleen omdat het comfort en sfeer brengt, maar ook omdat je er energie mee kunt besparen. Een goede dimmer is daarbij onmisbaar. Met de dimmers van [&hellip;]<\/p>\n","protected":false},"author":1,"featured_media":0,"parent":0,"menu_order":0,"comment_status":"closed","ping_status":"closed","template":"","meta":{"footnotes":""},"class_list":["post-801490","page","type-page","status-publish","hentry"],"yoast_head":"<!-- This site is optimized with the Yoast SEO plugin v27.4 - https:\/\/yoast.com\/product\/yoast-seo-wordpress\/ -->\n<title>Blog - MijnEltako.be<\/title>\n<meta name=\"robots\" content=\"index, follow, max-snippet:-1, max-image-preview:large, max-video-preview:-1\" \/>\n<link rel=\"canonical\" href=\"https:\/\/mijneltako.be\/fr\/blog\/\" \/>\n<meta property=\"og:locale\" content=\"fr_FR\" \/>\n<meta property=\"og:type\" content=\"article\" \/>\n<meta property=\"og:title\" content=\"Blog - MijnEltako.be\" \/>\n<meta property=\"og:description\" content=\"Ontdek de voordelen van Eltako dimmers Eltako producten september 24, 2025 Ontdek de voordelen van Eltako dimmers voor slimme verlichting Slimme verlichting wordt steeds populairder in moderne woningen. Niet alleen omdat het comfort en sfeer brengt, maar ook omdat je er energie mee kunt besparen. Een goede dimmer is daarbij onmisbaar. Met de dimmers van [&hellip;]\" \/>\n<meta property=\"og:url\" content=\"https:\/\/mijneltako.be\/fr\/blog\/\" \/>\n<meta property=\"og:site_name\" content=\"MijnEltako.be\" \/>\n<meta property=\"article:modified_time\" content=\"2025-09-24T13:37:35+00:00\" \/>\n<meta property=\"og:image\" content=\"https:\/\/mijneltako.be\/wp-content\/uploads\/2025\/09\/EltakoDimmer.png\" \/>\n<meta name=\"twitter:card\" content=\"summary_large_image\" \/>\n<meta name=\"twitter:label1\" content=\"Dur\u00e9e de lecture estim\u00e9e\" \/>\n\t<meta name=\"twitter:data1\" content=\"4 minutes\" \/>\n<script type=\"application\/ld+json\" class=\"yoast-schema-graph\">{\"@context\":\"https:\\\/\\\/schema.org\",\"@graph\":[{\"@type\":\"WebPage\",\"@id\":\"https:\\\/\\\/mijneltako.be\\\/fr\\\/blog\\\/\",\"url\":\"https:\\\/\\\/mijneltako.be\\\/fr\\\/blog\\\/\",\"name\":\"Blog - MijnEltako.be\",\"isPartOf\":{\"@id\":\"https:\\\/\\\/mijneltako.be\\\/fr\\\/#website\"},\"primaryImageOfPage\":{\"@id\":\"https:\\\/\\\/mijneltako.be\\\/fr\\\/blog\\\/#primaryimage\"},\"image\":{\"@id\":\"https:\\\/\\\/mijneltako.be\\\/fr\\\/blog\\\/#primaryimage\"},\"thumbnailUrl\":\"https:\\\/\\\/mijneltako.be\\\/wp-content\\\/uploads\\\/2025\\\/09\\\/EltakoDimmer.png\",\"datePublished\":\"2024-12-28T16:44:25+00:00\",\"dateModified\":\"2025-09-24T13:37:35+00:00\",\"breadcrumb\":{\"@id\":\"https:\\\/\\\/mijneltako.be\\\/fr\\\/blog\\\/#breadcrumb\"},\"inLanguage\":\"fr-FR\",\"potentialAction\":[{\"@type\":\"ReadAction\",\"target\":[\"https:\\\/\\\/mijneltako.be\\\/fr\\\/blog\\\/\"]}]},{\"@type\":\"ImageObject\",\"inLanguage\":\"fr-FR\",\"@id\":\"https:\\\/\\\/mijneltako.be\\\/fr\\\/blog\\\/#primaryimage\",\"url\":\"https:\\\/\\\/mijneltako.be\\\/wp-content\\\/uploads\\\/2025\\\/09\\\/EltakoDimmer.png\",\"contentUrl\":\"https:\\\/\\\/mijneltako.be\\\/wp-content\\\/uploads\\\/2025\\\/09\\\/EltakoDimmer.png\"},{\"@type\":\"BreadcrumbList\",\"@id\":\"https:\\\/\\\/mijneltako.be\\\/fr\\\/blog\\\/#breadcrumb\",\"itemListElement\":[{\"@type\":\"ListItem\",\"position\":1,\"name\":\"Home\",\"item\":\"https:\\\/\\\/mijneltako.be\\\/fr\\\/\"},{\"@type\":\"ListItem\",\"position\":2,\"name\":\"Blog\"}]},{\"@type\":\"WebSite\",\"@id\":\"https:\\\/\\\/mijneltako.be\\\/fr\\\/#website\",\"url\":\"https:\\\/\\\/mijneltako.be\\\/fr\\\/\",\"name\":\"MijnEltako.be | Eltako webwinkel sinds 2011\",\"description\":\"Boutique en ligne ind\u00e9pendante d&#039;Eltako depuis 2011\",\"publisher\":{\"@id\":\"https:\\\/\\\/mijneltako.be\\\/fr\\\/#organization\"},\"alternateName\":\"MijnEltako.be | Eltako webwinkel\",\"potentialAction\":[{\"@type\":\"SearchAction\",\"target\":{\"@type\":\"EntryPoint\",\"urlTemplate\":\"https:\\\/\\\/mijneltako.be\\\/fr\\\/?s={search_term_string}\"},\"query-input\":{\"@type\":\"PropertyValueSpecification\",\"valueRequired\":true,\"valueName\":\"search_term_string\"}}],\"inLanguage\":\"fr-FR\"},{\"@type\":\"Organization\",\"@id\":\"https:\\\/\\\/mijneltako.be\\\/fr\\\/#organization\",\"name\":\"MijnEltako.be | Eltako materiaal aan de beste prijs.\",\"alternateName\":\"MijnEltako.be | Eltako webwinkel\",\"url\":\"https:\\\/\\\/mijneltako.be\\\/fr\\\/\",\"logo\":{\"@type\":\"ImageObject\",\"inLanguage\":\"fr-FR\",\"@id\":\"https:\\\/\\\/mijneltako.be\\\/fr\\\/#\\\/schema\\\/logo\\\/image\\\/\",\"url\":\"https:\\\/\\\/mijneltako.be\\\/wp-content\\\/uploads\\\/2024\\\/12\\\/logo2024.png\",\"contentUrl\":\"https:\\\/\\\/mijneltako.be\\\/wp-content\\\/uploads\\\/2024\\\/12\\\/logo2024.png\",\"width\":3685,\"height\":581,\"caption\":\"MijnEltako.be | Eltako materiaal aan de beste prijs.\"},\"image\":{\"@id\":\"https:\\\/\\\/mijneltako.be\\\/fr\\\/#\\\/schema\\\/logo\\\/image\\\/\"}}]}<\/script>\n<!-- \/ Yoast SEO plugin. -->","yoast_head_json":{"title":"Blog - MijnEltako.be","robots":{"index":"index","follow":"follow","max-snippet":"max-snippet:-1","max-image-preview":"max-image-preview:large","max-video-preview":"max-video-preview:-1"},"canonical":"https:\/\/mijneltako.be\/fr\/blog\/","og_locale":"fr_FR","og_type":"article","og_title":"Blog - MijnEltako.be","og_description":"Ontdek de voordelen van Eltako dimmers Eltako producten september 24, 2025 Ontdek de voordelen van Eltako dimmers voor slimme verlichting Slimme verlichting wordt steeds populairder in moderne woningen. Niet alleen omdat het comfort en sfeer brengt, maar ook omdat je er energie mee kunt besparen. Een goede dimmer is daarbij onmisbaar. Met de dimmers van [&hellip;]","og_url":"https:\/\/mijneltako.be\/fr\/blog\/","og_site_name":"MijnEltako.be","article_modified_time":"2025-09-24T13:37:35+00:00","og_image":[{"url":"https:\/\/mijneltako.be\/wp-content\/uploads\/2025\/09\/EltakoDimmer.png","type":"","width":"","height":""}],"twitter_card":"summary_large_image","twitter_misc":{"Dur\u00e9e de lecture estim\u00e9e":"4 minutes"},"schema":{"@context":"https:\/\/schema.org","@graph":[{"@type":"WebPage","@id":"https:\/\/mijneltako.be\/fr\/blog\/","url":"https:\/\/mijneltako.be\/fr\/blog\/","name":"Blog - MijnEltako.be","isPartOf":{"@id":"https:\/\/mijneltako.be\/fr\/#website"},"primaryImageOfPage":{"@id":"https:\/\/mijneltako.be\/fr\/blog\/#primaryimage"},"image":{"@id":"https:\/\/mijneltako.be\/fr\/blog\/#primaryimage"},"thumbnailUrl":"https:\/\/mijneltako.be\/wp-content\/uploads\/2025\/09\/EltakoDimmer.png","datePublished":"2024-12-28T16:44:25+00:00","dateModified":"2025-09-24T13:37:35+00:00","breadcrumb":{"@id":"https:\/\/mijneltako.be\/fr\/blog\/#breadcrumb"},"inLanguage":"fr-FR","potentialAction":[{"@type":"ReadAction","target":["https:\/\/mijneltako.be\/fr\/blog\/"]}]},{"@type":"ImageObject","inLanguage":"fr-FR","@id":"https:\/\/mijneltako.be\/fr\/blog\/#primaryimage","url":"https:\/\/mijneltako.be\/wp-content\/uploads\/2025\/09\/EltakoDimmer.png","contentUrl":"https:\/\/mijneltako.be\/wp-content\/uploads\/2025\/09\/EltakoDimmer.png"},{"@type":"BreadcrumbList","@id":"https:\/\/mijneltako.be\/fr\/blog\/#breadcrumb","itemListElement":[{"@type":"ListItem","position":1,"name":"Home","item":"https:\/\/mijneltako.be\/fr\/"},{"@type":"ListItem","position":2,"name":"Blog"}]},{"@type":"WebSite","@id":"https:\/\/mijneltako.be\/fr\/#website","url":"https:\/\/mijneltako.be\/fr\/","name":"MijnEltako.be | Eltako webwinkel sinds 2011","description":"Boutique en ligne ind\u00e9pendante d&#039;Eltako depuis 2011","publisher":{"@id":"https:\/\/mijneltako.be\/fr\/#organization"},"alternateName":"MijnEltako.be | Eltako webwinkel","potentialAction":[{"@type":"SearchAction","target":{"@type":"EntryPoint","urlTemplate":"https:\/\/mijneltako.be\/fr\/?s={search_term_string}"},"query-input":{"@type":"PropertyValueSpecification","valueRequired":true,"valueName":"search_term_string"}}],"inLanguage":"fr-FR"},{"@type":"Organization","@id":"https:\/\/mijneltako.be\/fr\/#organization","name":"MijnEltako.be | Eltako materiaal aan de beste prijs.","alternateName":"MijnEltako.be | Eltako webwinkel","url":"https:\/\/mijneltako.be\/fr\/","logo":{"@type":"ImageObject","inLanguage":"fr-FR","@id":"https:\/\/mijneltako.be\/fr\/#\/schema\/logo\/image\/","url":"https:\/\/mijneltako.be\/wp-content\/uploads\/2024\/12\/logo2024.png","contentUrl":"https:\/\/mijneltako.be\/wp-content\/uploads\/2024\/12\/logo2024.png","width":3685,"height":581,"caption":"MijnEltako.be | Eltako materiaal aan de beste prijs."},"image":{"@id":"https:\/\/mijneltako.be\/fr\/#\/schema\/logo\/image\/"}}]}},"_links":{"self":[{"href":"https:\/\/mijneltako.be\/fr\/wp-json\/wp\/v2\/pages\/801490","targetHints":{"allow":["GET"]}}],"collection":[{"href":"https:\/\/mijneltako.be\/fr\/wp-json\/wp\/v2\/pages"}],"about":[{"href":"https:\/\/mijneltako.be\/fr\/wp-json\/wp\/v2\/types\/page"}],"author":[{"embeddable":true,"href":"https:\/\/mijneltako.be\/fr\/wp-json\/wp\/v2\/users\/1"}],"replies":[{"embeddable":true,"href":"https:\/\/mijneltako.be\/fr\/wp-json\/wp\/v2\/comments?post=801490"}],"version-history":[{"count":7,"href":"https:\/\/mijneltako.be\/fr\/wp-json\/wp\/v2\/pages\/801490\/revisions"}],"predecessor-version":[{"id":802546,"href":"https:\/\/mijneltako.be\/fr\/wp-json\/wp\/v2\/pages\/801490\/revisions\/802546"}],"wp:attachment":[{"href":"https:\/\/mijneltako.be\/fr\/wp-json\/wp\/v2\/media?parent=801490"}],"curies":[{"name":"wp","href":"https:\/\/api.w.org\/{rel}","templated":true}]}}