{"id":801170,"date":"2024-12-18T16:35:27","date_gmt":"2024-12-18T16:35:27","guid":{"rendered":"https:\/\/mijneltako.be\/politique-de-confidentialite\/"},"modified":"2025-01-08T12:29:54","modified_gmt":"2025-01-08T12:29:54","slug":"politique-de-confidentialite","status":"publish","type":"page","link":"https:\/\/mijneltako.be\/fr\/politique-de-confidentialite\/","title":{"rendered":"Politique de confidentialit\u00e9"},"content":{"rendered":"<div class=\"elementor-element elementor-element-29ac4fc e-flex e-con-boxed e-con e-parent e-lazyloaded\" data-id=\"29ac4fc\" data-element_type=\"container\" data-settings=\"{\">\n<div class=\"e-con-inner\">\n<div class=\"elementor-element elementor-element-e93f479 elementor-widget elementor-widget-text-editor\" data-id=\"e93f479\" data-element_type=\"widget\" data-widget_type=\"text-editor.default\">\n<div class=\"elementor-widget-container\">\n<p><strong>A propos de notre politique de confidentialit\u00e9<\/strong> Snelprint BV se soucie de votre vie priv\u00e9e. C&#8217;est pourquoi nous ne traitons que les donn\u00e9es dont nous avons besoin pour (am\u00e9liorer) nos services et nous traitons avec soin les informations que nous avons recueillies sur vous et sur votre utilisation de nos services. Nous ne mettons jamais vos donn\u00e9es \u00e0 la disposition de tiers \u00e0 des fins commerciales. Cette politique de confidentialit\u00e9 s&#8217;applique \u00e0 l&#8217;utilisation du site web et aux services fournis par Snelprint BV. La date d&#8217;entr\u00e9e en vigueur de ces conditions est le 08\/04\/2020. La publication d&#8217;une nouvelle version entra\u00eene l&#8217;expiration de la validit\u00e9 de toutes les versions pr\u00e9c\u00e9dentes. Cette politique de confidentialit\u00e9 d\u00e9crit quelles donn\u00e9es vous concernant sont collect\u00e9es par nous, \u00e0 quelles fins ces donn\u00e9es sont utilis\u00e9es, avec qui et dans quelles conditions, le cas \u00e9ch\u00e9ant, ces donn\u00e9es peuvent \u00eatre partag\u00e9es avec des tiers. Nous vous expliquons \u00e9galement comment nous stockons vos donn\u00e9es et comment nous les prot\u00e9geons contre les abus, ainsi que les droits dont vous disposez en ce qui concerne les donn\u00e9es \u00e0 caract\u00e8re personnel que vous nous fournissez. Si vous avez des questions sur notre politique de confidentialit\u00e9, veuillez contacter notre personne de contact, dont vous trouverez les coordonn\u00e9es \u00e0 la fin de notre politique de confidentialit\u00e9.<br \/>\n<strong>\u00c0 propos du traitement des donn\u00e9es<\/strong> Vous pouvez lire ci-dessous comment nous traitons vos donn\u00e9es, o\u00f9 nous les stockons (ou les faisons stocker), quelles techniques de s\u00e9curit\u00e9 nous utilisons et \u00e0 qui les donn\u00e9es peuvent \u00eatre accessibles.<br \/>\nFinalit\u00e9 du traitement des donn\u00e9es Nous utilisons vos donn\u00e9es exclusivement dans le cadre de nos services. Cela signifie que la finalit\u00e9 du traitement est toujours directement li\u00e9e \u00e0 la mission que vous nous confiez. Nous n&#8217;utilisons pas vos donn\u00e9es \u00e0 des fins de marketing (cibl\u00e9). Si vous nous communiquez des donn\u00e9es et que nous les utilisons pour vous contacter ult\u00e9rieurement &#8211; autrement qu&#8217;\u00e0 votre demande &#8211; nous vous demanderons l&#8217;autorisation explicite de le faire. Vos donn\u00e9es ne seront pas partag\u00e9es avec des tiers, sauf pour r\u00e9pondre \u00e0 des obligations comptables et administratives.<br \/>\nDonn\u00e9es collect\u00e9es automatiquement Les donn\u00e9es collect\u00e9es automatiquement par notre site web sont trait\u00e9es dans le but d&#8217;am\u00e9liorer nos services. Ces donn\u00e9es (par exemple votre adresse IP, votre navigateur web et votre syst\u00e8me d&#8217;exploitation) ne sont pas des donn\u00e9es personnelles.<br \/>\nP\u00e9riodes de conservation Nous conservons vos donn\u00e9es aussi longtemps que vous \u00eates un de nos clients. Cela signifie que nous conservons votre profil de client jusqu&#8217;\u00e0 ce que vous nous indiquiez que vous ne souhaitez plus utiliser nos services. Si vous nous l&#8217;indiquez, nous l&#8217;interpr\u00e9terons \u00e9galement comme une demande d&#8217;oubli. Conform\u00e9ment aux obligations administratives applicables, nous devons conserver les factures contenant vos donn\u00e9es (personnelles), que nous conserverons donc aussi longtemps que durera le d\u00e9lai applicable.<br \/>\nVos droits Conform\u00e9ment \u00e0 la l\u00e9gislation applicable, vous disposez, en tant que personne concern\u00e9e, de certains droits relatifs aux donn\u00e9es \u00e0 caract\u00e8re personnel trait\u00e9es par nous ou en notre nom. Nous vous expliquons ci-dessous de quels droits il s&#8217;agit et comment vous pouvez les invoquer.<\/p>\n<p>En principe, pour \u00e9viter les abus, nous n&#8217;enverrons des copies et des transcriptions de vos donn\u00e9es qu&#8217;\u00e0 l&#8217;adresse \u00e9lectronique que nous connaissons d\u00e9j\u00e0. Si vous souhaitez recevoir les donn\u00e9es \u00e0 une autre adresse \u00e9lectronique ou par la poste, par exemple, nous vous demanderons de vous identifier. Nous conservons les dossiers des demandes trait\u00e9es ; en cas d&#8217;oubli, nous g\u00e9rons des donn\u00e9es anonymes. Vous recevrez toutes les copies et transcriptions des donn\u00e9es dans le format de donn\u00e9es lisible par machine que nous utilisons dans nos syst\u00e8mes. Vous avez le droit d&#8217;introduire \u00e0 tout moment une plainte aupr\u00e8s de l&#8217;Autorit\u00e9 des donn\u00e9es personnelles si vous soup\u00e7onnez que nous utilisons vos donn\u00e9es personnelles de mani\u00e8re incorrecte.<br \/>\n<strong>Droit d&#8217;inspection<\/strong> Vous avez toujours le droit d&#8217;inspecter les donn\u00e9es que nous traitons (ou avons trait\u00e9es) qui se rapportent \u00e0 votre personne ou qui peuvent \u00eatre retrac\u00e9es jusqu&#8217;\u00e0 vous. Vous pouvez en faire la demande \u00e0 notre personne de contact pour les questions de protection de la vie priv\u00e9e. Vous recevrez une r\u00e9ponse \u00e0 votre demande dans un d\u00e9lai de 30 jours. Si votre demande est accept\u00e9e, nous vous enverrons, \u00e0 l&#8217;adresse \u00e9lectronique que nous connaissons, une copie de toutes les donn\u00e9es avec un aper\u00e7u des sous-traitants qui d\u00e9tiennent ces donn\u00e9es, en indiquant la cat\u00e9gorie sous laquelle nous avons stock\u00e9 ces donn\u00e9es.<br \/>\n<strong>Droit de rectification<\/strong> Vous avez toujours le droit de faire rectifier les donn\u00e9es que nous traitons (ou avons trait\u00e9es) et qui se rapportent \u00e0 votre personne ou qui permettent de remonter jusqu&#8217;\u00e0 vous. Vous pouvez en faire la demande. Vous recevrez alors une r\u00e9ponse \u00e0 votre demande dans un d\u00e9lai de 30 jours. Si votre demande est accept\u00e9e, nous vous enverrons une confirmation \u00e0 l&#8217;adresse \u00e9lectronique dont nous avons connaissance que les donn\u00e9es ont \u00e9t\u00e9 ajust\u00e9es.<br \/>\n<strong>Droit de restreindre le traitement<\/strong> Vous avez toujours le droit de restreindre les donn\u00e9es que nous traitons (ou faisons traiter) et qui se rapportent \u00e0 votre personne ou qui permettent de remonter jusqu&#8217;\u00e0 vous. Vous pouvez en faire la demande \u00e0 notre personne de contact pour les questions de protection de la vie priv\u00e9e. Vous recevrez une r\u00e9ponse \u00e0 votre demande dans les 30 jours. Si votre demande est accept\u00e9e, nous vous enverrons une confirmation \u00e0 l&#8217;adresse \u00e9lectronique que nous connaissons, indiquant que les donn\u00e9es ne seront plus trait\u00e9es jusqu&#8217;\u00e0 ce que vous leviez la restriction.<br \/>\nD<strong>roit \u00e0 la portabilit\u00e9<\/strong> Vous avez toujours le droit de faire ex\u00e9cuter par une autre partie les donn\u00e9es que nous traitons (ou faisons traiter) et qui se rapportent \u00e0 votre personne ou peuvent \u00eatre retrac\u00e9es jusqu&#8217;\u00e0 vous. Vous pouvez en faire la demande \u00e0 notre personne de contact pour les questions de protection de la vie priv\u00e9e. Vous recevrez alors une r\u00e9ponse \u00e0 votre demande dans un d\u00e9lai de 30 jours. Si votre demande est accept\u00e9e, nous vous enverrons, \u00e0 l&#8217;adresse \u00e9lectronique que nous connaissons, des copies ou des transcriptions de toutes les donn\u00e9es vous concernant que nous avons trait\u00e9es ou que d&#8217;autres sous-traitants ou tiers ont trait\u00e9es en notre nom.<\/p>\n<p>Selon toute probabilit\u00e9, nous ne pourrons plus continuer \u00e0 fournir des services dans un tel cas, \u00e9tant donn\u00e9 que la liaison s\u00e9curis\u00e9e des fichiers de donn\u00e9es ne peut plus \u00eatre garantie.<\/p>\n<p><strong>Droit d&#8217;opposition et autres droits<\/strong> Le cas \u00e9ch\u00e9ant, vous avez le droit de vous opposer au traitement de vos donn\u00e9es personnelles par ou au nom de Snelprint BV. Si vous vous y opposez, nous cesserons imm\u00e9diatement le traitement des donn\u00e9es dans l&#8217;attente de la r\u00e9solution de votre objection. Si votre objection est fond\u00e9e, nous mettrons \u00e0 votre disposition des copies et\/ou des copies des donn\u00e9es que nous traitons (ou avons trait\u00e9es), puis nous cesserons d\u00e9finitivement le traitement. Vous avez \u00e9galement le droit de ne pas \u00eatre soumis \u00e0 une prise de d\u00e9cision individuelle automatis\u00e9e ou \u00e0 un profilage. Nous ne traitons pas vos donn\u00e9es de mani\u00e8re \u00e0 ce que ce droit s&#8217;applique. Si vous pensez que c&#8217;est le cas, veuillez contacter notre personne de contact pour la protection de la vie priv\u00e9e.<\/p>\n<p><strong>Publicit\u00e9 par courrier \u00e9lectronique avec inscription au bulletin d&#8217;information<\/strong> &#8220;Si vous vous inscrivez \u00e0 notre bulletin d&#8217;information, nous utiliserons les donn\u00e9es requises ou fournies s\u00e9par\u00e9ment par vous pour vous envoyer r\u00e9guli\u00e8rement notre bulletin d&#8217;information (par courrier \u00e9lectronique). Vous pouvez vous d\u00e9sabonner de la lettre d&#8217;information \u00e0 tout moment en envoyant un message \u00e0 l&#8217;option de contact d\u00e9crite ci-dessous ou via un lien pr\u00e9vu \u00e0 cet effet dans la lettre d&#8217;information. Apr\u00e8s le d\u00e9sabonnement, nous supprimerons votre adresse \u00e9lectronique, \u00e0 moins que vous n&#8217;ayez express\u00e9ment consenti \u00e0 l&#8217;utilisation ult\u00e9rieure de vos donn\u00e9es ou qu&#8217;une telle utilisation nous soit l\u00e9galement permise et que nous vous en informions dans la pr\u00e9sente d\u00e9claration.<\/p>\n<p><strong>Cookies<\/strong> Un cookie est un petit fichier simple stock\u00e9 sur votre appareil, par exemple pour vous offrir les fonctionnalit\u00e9s de base d&#8217;un site web, pour m\u00e9moriser vos param\u00e8tres et pr\u00e9f\u00e9rences et \u00e0 des fins statistiques. Il existe diff\u00e9rents types de cookies, en fonction de leurs propri\u00e9t\u00e9s et de leurs fonctions, et ils sont stock\u00e9s sur votre appareil pour des p\u00e9riodes de temps diff\u00e9rentes : les cookies de session expirent \u00e0 la fin de chaque session de navigation ; les cookies persistants sont conserv\u00e9s jusqu&#8217;\u00e0 une certaine date pr\u00e9d\u00e9finie par leur d\u00e9tenteur.<\/p>\n<p><strong>Google Analytics<\/strong> Sur notre site, des cookies sont install\u00e9s par l&#8217;entreprise am\u00e9ricaine Google, dans le cadre du service &#8220;Analytics&#8221;. Nous utilisons ce service pour suivre et obtenir des rapports sur la fa\u00e7on dont les visiteurs utilisent le site web. Ce sous-traitant peut \u00eatre tenu par les lois et r\u00e8glements applicables de donner acc\u00e8s \u00e0 ces donn\u00e9es. Nous recueillons des informations sur votre comportement de navigation et les transmettons \u00e0 Google. Google peut interpr\u00e9ter ces informations en conjonction avec d&#8217;autres ensembles de donn\u00e9es et ainsi suivre vos d\u00e9placements sur Internet. Google utilise ces informations pour proposer des annonces cibl\u00e9es (Adwords) et d&#8217;autres services et produits Google, entre autres.<\/p>\n<p><strong>Google reCAPTACHA<\/strong> Le site est prot\u00e9g\u00e9 par reCAPTCHA. Plus d&#8217;informations : https:\/\/policies.google.com\/privacy et https:\/\/policies.google.com\/terms<\/p>\n<p><strong>Coordonn\u00e9es<\/strong> Snelprint BV : Rijvers 36c 9930 Zomergem T +32 09 391 63 01 E info@ mijneltako.be<\/p>\n<p><strong>Modifications de la politique de confidentialit\u00e9<\/strong> Nous nous r\u00e9servons le droit de modifier notre politique de confidentialit\u00e9 \u00e0 tout moment. Sur cette page, vous trouverez toujours la version la plus r\u00e9cente.<\/p>\n<\/div>\n<\/div>\n<\/div>\n<\/div>\n","protected":false},"excerpt":{"rendered":"<p>A propos de notre politique de confidentialit\u00e9 Snelprint BV se soucie de votre vie priv\u00e9e. C&#8217;est pourquoi nous ne traitons que les donn\u00e9es dont nous avons besoin pour (am\u00e9liorer) nos services et nous traitons avec soin les informations que nous avons recueillies sur vous et sur votre utilisation de nos services. Nous ne mettons jamais [&hellip;]<\/p>\n","protected":false},"author":1,"featured_media":0,"parent":0,"menu_order":0,"comment_status":"closed","ping_status":"open","template":"","meta":{"footnotes":""},"class_list":["post-801170","page","type-page","status-publish","hentry"],"yoast_head":"<!-- This site is optimized with the Yoast SEO plugin v27.4 - https:\/\/yoast.com\/product\/yoast-seo-wordpress\/ -->\n<title>Politique de confidentialit\u00e9 - MijnEltako.be<\/title>\n<meta name=\"robots\" content=\"index, follow, max-snippet:-1, max-image-preview:large, max-video-preview:-1\" \/>\n<link rel=\"canonical\" href=\"https:\/\/mijneltako.be\/fr\/politique-de-confidentialite\/\" \/>\n<meta property=\"og:locale\" content=\"fr_FR\" \/>\n<meta property=\"og:type\" content=\"article\" \/>\n<meta property=\"og:title\" content=\"Politique de confidentialit\u00e9 - MijnEltako.be\" \/>\n<meta property=\"og:description\" content=\"A propos de notre politique de confidentialit\u00e9 Snelprint BV se soucie de votre vie priv\u00e9e. C&#8217;est pourquoi nous ne traitons que les donn\u00e9es dont nous avons besoin pour (am\u00e9liorer) nos services et nous traitons avec soin les informations que nous avons recueillies sur vous et sur votre utilisation de nos services. Nous ne mettons jamais [&hellip;]\" \/>\n<meta property=\"og:url\" content=\"https:\/\/mijneltako.be\/fr\/politique-de-confidentialite\/\" \/>\n<meta property=\"og:site_name\" content=\"MijnEltako.be\" \/>\n<meta property=\"article:modified_time\" content=\"2025-01-08T12:29:54+00:00\" \/>\n<meta name=\"twitter:card\" content=\"summary_large_image\" \/>\n<meta name=\"twitter:label1\" content=\"Dur\u00e9e de lecture estim\u00e9e\" \/>\n\t<meta name=\"twitter:data1\" content=\"8 minutes\" \/>\n<script type=\"application\/ld+json\" class=\"yoast-schema-graph\">{\"@context\":\"https:\\\/\\\/schema.org\",\"@graph\":[{\"@type\":\"WebPage\",\"@id\":\"https:\\\/\\\/mijneltako.be\\\/fr\\\/politique-de-confidentialite\\\/\",\"url\":\"https:\\\/\\\/mijneltako.be\\\/fr\\\/politique-de-confidentialite\\\/\",\"name\":\"Politique de confidentialit\u00e9 - MijnEltako.be\",\"isPartOf\":{\"@id\":\"https:\\\/\\\/mijneltako.be\\\/fr\\\/#website\"},\"datePublished\":\"2024-12-18T16:35:27+00:00\",\"dateModified\":\"2025-01-08T12:29:54+00:00\",\"breadcrumb\":{\"@id\":\"https:\\\/\\\/mijneltako.be\\\/fr\\\/politique-de-confidentialite\\\/#breadcrumb\"},\"inLanguage\":\"fr-FR\",\"potentialAction\":[{\"@type\":\"ReadAction\",\"target\":[\"https:\\\/\\\/mijneltako.be\\\/fr\\\/politique-de-confidentialite\\\/\"]}]},{\"@type\":\"BreadcrumbList\",\"@id\":\"https:\\\/\\\/mijneltako.be\\\/fr\\\/politique-de-confidentialite\\\/#breadcrumb\",\"itemListElement\":[{\"@type\":\"ListItem\",\"position\":1,\"name\":\"Home\",\"item\":\"https:\\\/\\\/mijneltako.be\\\/fr\\\/\"},{\"@type\":\"ListItem\",\"position\":2,\"name\":\"Politique de confidentialit\u00e9\"}]},{\"@type\":\"WebSite\",\"@id\":\"https:\\\/\\\/mijneltako.be\\\/fr\\\/#website\",\"url\":\"https:\\\/\\\/mijneltako.be\\\/fr\\\/\",\"name\":\"MijnEltako.be | Eltako webwinkel sinds 2011\",\"description\":\"Boutique en ligne ind\u00e9pendante d&#039;Eltako depuis 2011\",\"publisher\":{\"@id\":\"https:\\\/\\\/mijneltako.be\\\/fr\\\/#organization\"},\"alternateName\":\"MijnEltako.be | Eltako webwinkel\",\"potentialAction\":[{\"@type\":\"SearchAction\",\"target\":{\"@type\":\"EntryPoint\",\"urlTemplate\":\"https:\\\/\\\/mijneltako.be\\\/fr\\\/?s={search_term_string}\"},\"query-input\":{\"@type\":\"PropertyValueSpecification\",\"valueRequired\":true,\"valueName\":\"search_term_string\"}}],\"inLanguage\":\"fr-FR\"},{\"@type\":\"Organization\",\"@id\":\"https:\\\/\\\/mijneltako.be\\\/fr\\\/#organization\",\"name\":\"MijnEltako.be | Eltako materiaal aan de beste prijs.\",\"alternateName\":\"MijnEltako.be | Eltako webwinkel\",\"url\":\"https:\\\/\\\/mijneltako.be\\\/fr\\\/\",\"logo\":{\"@type\":\"ImageObject\",\"inLanguage\":\"fr-FR\",\"@id\":\"https:\\\/\\\/mijneltako.be\\\/fr\\\/#\\\/schema\\\/logo\\\/image\\\/\",\"url\":\"https:\\\/\\\/mijneltako.be\\\/wp-content\\\/uploads\\\/2024\\\/12\\\/logo2024.png\",\"contentUrl\":\"https:\\\/\\\/mijneltako.be\\\/wp-content\\\/uploads\\\/2024\\\/12\\\/logo2024.png\",\"width\":3685,\"height\":581,\"caption\":\"MijnEltako.be | Eltako materiaal aan de beste prijs.\"},\"image\":{\"@id\":\"https:\\\/\\\/mijneltako.be\\\/fr\\\/#\\\/schema\\\/logo\\\/image\\\/\"}}]}<\/script>\n<!-- \/ Yoast SEO plugin. -->","yoast_head_json":{"title":"Politique de confidentialit\u00e9 - MijnEltako.be","robots":{"index":"index","follow":"follow","max-snippet":"max-snippet:-1","max-image-preview":"max-image-preview:large","max-video-preview":"max-video-preview:-1"},"canonical":"https:\/\/mijneltako.be\/fr\/politique-de-confidentialite\/","og_locale":"fr_FR","og_type":"article","og_title":"Politique de confidentialit\u00e9 - MijnEltako.be","og_description":"A propos de notre politique de confidentialit\u00e9 Snelprint BV se soucie de votre vie priv\u00e9e. C&#8217;est pourquoi nous ne traitons que les donn\u00e9es dont nous avons besoin pour (am\u00e9liorer) nos services et nous traitons avec soin les informations que nous avons recueillies sur vous et sur votre utilisation de nos services. Nous ne mettons jamais [&hellip;]","og_url":"https:\/\/mijneltako.be\/fr\/politique-de-confidentialite\/","og_site_name":"MijnEltako.be","article_modified_time":"2025-01-08T12:29:54+00:00","twitter_card":"summary_large_image","twitter_misc":{"Dur\u00e9e de lecture estim\u00e9e":"8 minutes"},"schema":{"@context":"https:\/\/schema.org","@graph":[{"@type":"WebPage","@id":"https:\/\/mijneltako.be\/fr\/politique-de-confidentialite\/","url":"https:\/\/mijneltako.be\/fr\/politique-de-confidentialite\/","name":"Politique de confidentialit\u00e9 - MijnEltako.be","isPartOf":{"@id":"https:\/\/mijneltako.be\/fr\/#website"},"datePublished":"2024-12-18T16:35:27+00:00","dateModified":"2025-01-08T12:29:54+00:00","breadcrumb":{"@id":"https:\/\/mijneltako.be\/fr\/politique-de-confidentialite\/#breadcrumb"},"inLanguage":"fr-FR","potentialAction":[{"@type":"ReadAction","target":["https:\/\/mijneltako.be\/fr\/politique-de-confidentialite\/"]}]},{"@type":"BreadcrumbList","@id":"https:\/\/mijneltako.be\/fr\/politique-de-confidentialite\/#breadcrumb","itemListElement":[{"@type":"ListItem","position":1,"name":"Home","item":"https:\/\/mijneltako.be\/fr\/"},{"@type":"ListItem","position":2,"name":"Politique de confidentialit\u00e9"}]},{"@type":"WebSite","@id":"https:\/\/mijneltako.be\/fr\/#website","url":"https:\/\/mijneltako.be\/fr\/","name":"MijnEltako.be | Eltako webwinkel sinds 2011","description":"Boutique en ligne ind\u00e9pendante d&#039;Eltako depuis 2011","publisher":{"@id":"https:\/\/mijneltako.be\/fr\/#organization"},"alternateName":"MijnEltako.be | Eltako webwinkel","potentialAction":[{"@type":"SearchAction","target":{"@type":"EntryPoint","urlTemplate":"https:\/\/mijneltako.be\/fr\/?s={search_term_string}"},"query-input":{"@type":"PropertyValueSpecification","valueRequired":true,"valueName":"search_term_string"}}],"inLanguage":"fr-FR"},{"@type":"Organization","@id":"https:\/\/mijneltako.be\/fr\/#organization","name":"MijnEltako.be | Eltako materiaal aan de beste prijs.","alternateName":"MijnEltako.be | Eltako webwinkel","url":"https:\/\/mijneltako.be\/fr\/","logo":{"@type":"ImageObject","inLanguage":"fr-FR","@id":"https:\/\/mijneltako.be\/fr\/#\/schema\/logo\/image\/","url":"https:\/\/mijneltako.be\/wp-content\/uploads\/2024\/12\/logo2024.png","contentUrl":"https:\/\/mijneltako.be\/wp-content\/uploads\/2024\/12\/logo2024.png","width":3685,"height":581,"caption":"MijnEltako.be | Eltako materiaal aan de beste prijs."},"image":{"@id":"https:\/\/mijneltako.be\/fr\/#\/schema\/logo\/image\/"}}]}},"_links":{"self":[{"href":"https:\/\/mijneltako.be\/fr\/wp-json\/wp\/v2\/pages\/801170","targetHints":{"allow":["GET"]}}],"collection":[{"href":"https:\/\/mijneltako.be\/fr\/wp-json\/wp\/v2\/pages"}],"about":[{"href":"https:\/\/mijneltako.be\/fr\/wp-json\/wp\/v2\/types\/page"}],"author":[{"embeddable":true,"href":"https:\/\/mijneltako.be\/fr\/wp-json\/wp\/v2\/users\/1"}],"replies":[{"embeddable":true,"href":"https:\/\/mijneltako.be\/fr\/wp-json\/wp\/v2\/comments?post=801170"}],"version-history":[{"count":4,"href":"https:\/\/mijneltako.be\/fr\/wp-json\/wp\/v2\/pages\/801170\/revisions"}],"predecessor-version":[{"id":801253,"href":"https:\/\/mijneltako.be\/fr\/wp-json\/wp\/v2\/pages\/801170\/revisions\/801253"}],"wp:attachment":[{"href":"https:\/\/mijneltako.be\/fr\/wp-json\/wp\/v2\/media?parent=801170"}],"curies":[{"name":"wp","href":"https:\/\/api.w.org\/{rel}","templated":true}]}}