{"id":801159,"date":"2024-12-21T22:46:45","date_gmt":"2024-12-21T22:46:45","guid":{"rendered":"https:\/\/mijneltako.be\/conditions-de-vente-et-dutilisation\/"},"modified":"2025-01-08T12:27:40","modified_gmt":"2025-01-08T12:27:40","slug":"conditions-de-vente-et-dutilisation","status":"publish","type":"page","link":"https:\/\/mijneltako.be\/fr\/conditions-de-vente-et-dutilisation\/","title":{"rendered":"CONDITIONS DE VENTE ET D&#8217;UTILISATION"},"content":{"rendered":"<div class=\"elementor-element elementor-element-29ac4fc e-flex e-con-boxed e-con e-parent e-lazyloaded\" data-id=\"29ac4fc\" data-element_type=\"container\" data-settings=\"{\">\n<div class=\"e-con-inner\">\n<div class=\"elementor-element elementor-element-e93f479 elementor-widget elementor-widget-text-editor\" data-id=\"e93f479\" data-element_type=\"widget\" data-widget_type=\"text-editor.default\">\n<div class=\"elementor-widget-container\">\n<p><em><strong>Veuillez lire attentivement ces conditions. Votre achat sur notre site web signifie que vous acceptez nos conditions g\u00e9n\u00e9rales.<\/strong><\/em><\/p>\n<p><strong>Conditions de vente<\/strong> Les commandes ne seront exp\u00e9di\u00e9es qu&#8217;apr\u00e8s r\u00e9ception de votre paiement. Toutes les remarques ou contestations et toutes les r\u00e9clamations relatives \u00e0 la conformit\u00e9 des biens et services livr\u00e9s en rapport avec leurs d\u00e9fauts doivent, \u00e0 peine de caducit\u00e9 et d&#8217;irrecevabilit\u00e9, \u00eatre formul\u00e9es par lettre recommand\u00e9e qui doit nous parvenir dans les 7 jours calendrier de la r\u00e9ception des produits. L&#8217;accord est soumis au droit belge. Tous les litiges seront r\u00e9gl\u00e9s par les tribunaux de l&#8217;arrondissement judiciaire de Gand, qui seront comp\u00e9tents en la mati\u00e8re. Ce site web est la propri\u00e9t\u00e9 de Snelprint BV (Rijvers 36c, 9930 Zomergem &#8211; Belgique) dont le num\u00e9ro d&#8217;entreprise est BE 0883 140 755.<\/p>\n<p><strong>Utilisation et installation des produits achet\u00e9s<\/strong> Attention : Nos produits doivent toujours \u00eatre install\u00e9s par un installateur professionnel. Tous les articles sont couverts par une garantie du fabricant, g\u00e9n\u00e9ralement pour une p\u00e9riode de deux ans. Les frais d&#8217;exp\u00e9dition sont \u00e0 la charge de l&#8217;acheteur.<\/p>\n<p><strong>Litiges<\/strong> La Commission europ\u00e9enne offre aux consommateurs une plateforme de r\u00e8glement alternatif des litiges. Les consommateurs peuvent r\u00e9gler leur litige li\u00e9 \u00e0 une commande en ligne sans intervention d&#8217;un tribunal. Vous pouvez acc\u00e9der \u00e0 la plateforme de r\u00e9solution des litiges en ligne via l&#8217;adresse suivante : http:\/\/ec.europa.eu\/odr\/ Nous ne participons \u00e0 aucune proc\u00e9dure de r\u00e9solution des litiges.<\/p>\n<p><strong>Droit de r\u00e9tractation \/ Politique de retour<\/strong> Vous avez le droit de r\u00e9silier le contrat dans un d\u00e9lai de 14 jours sans donner de raisons.<\/p>\n<p>Le d\u00e9lai de r\u00e9tractation expire 14 jours apr\u00e8s la date \u00e0 laquelle vous ou un tiers d\u00e9sign\u00e9 par vous, autre que le transporteur, prend physiquement possession du bien. Pour exercer le droit de r\u00e9tractation, vous devez nous informer (Snelprint BV, Rijvers 36c, 9930 Zomergem en Belgique) de votre d\u00e9cision de r\u00e9tractation du contrat par une d\u00e9claration sans \u00e9quivoque (par exemple, par \u00e9crit, par courrier, par fax ou par e-mail). Pour respecter le d\u00e9lai de r\u00e9tractation, il suffit d&#8217;envoyer votre communication concernant l&#8217;exercice du droit de r\u00e9tractation avant l&#8217;expiration du d\u00e9lai de r\u00e9tractation.<\/p>\n<p>Remarque : seuls les produits dans leur \u00e9tat et leur emballage d&#8217;origine seront accept\u00e9s. Les produits endommag\u00e9s ne seront pas accept\u00e9s. N&#8217;oubliez pas non plus que l&#8217;emballage du produit ne doit pas \u00eatre endommag\u00e9 ! Les frais de retour sont \u00e0 la charge du client.<\/p>\n<p><strong>Cons\u00e9quences de la r\u00e9tractation<\/strong> Si vous vous r\u00e9tractez du contrat, nous vous remboursons les paiements effectu\u00e9s jusqu&#8217;\u00e0 ce moment-l\u00e0 dans un d\u00e9lai de 30 jours \u00e0 compter de la r\u00e9ception de la d\u00e9claration. Nous vous rembourserons en utilisant le m\u00eame moyen de paiement que celui avec lequel vous avez effectu\u00e9 la transaction initiale, \u00e0 moins que vous n&#8217;ayez express\u00e9ment convenu du contraire ; dans tous les cas, ces remboursements ne vous seront pas factur\u00e9s. Vous devez nous renvoyer ou nous remettre les marchandises sans d\u00e9lai et, en tout \u00e9tat de cause, au plus tard 14 jours \u00e0 compter du jour o\u00f9 vous nous communiquez votre d\u00e9cision de r\u00e9tractation du contrat. Vous \u00eates dans les temps si vous renvoyez les marchandises avant l&#8217;expiration du d\u00e9lai de 14 jours. Le co\u00fbt direct du retour est \u00e0 votre charge. Vous n&#8217;\u00eates responsable que de la d\u00e9pr\u00e9ciation des biens r\u00e9sultant de l&#8217;utilisation des biens au-del\u00e0 de ce qui est n\u00e9cessaire pour \u00e9tablir la nature, les caract\u00e9ristiques et le fonctionnement des biens.<\/p>\n<p>Est exclu du droit de r\u00e9tractation l&#8217;achat d&#8217;un produit de consommation qui concerne la livraison d&#8217;un produit :<br \/>\n&#8211; les produits fabriqu\u00e9s selon les sp\u00e9cifications du consommateur, qui ne sont pas pr\u00e9fabriqu\u00e9s et qui sont fabriqu\u00e9s sur la base d&#8217;un choix ou d&#8217;une d\u00e9cision individuelle du consommateur, ou qui sont clairement destin\u00e9s \u00e0 une personne sp\u00e9cifique ;<\/p>\n<p>&#8211; les produits qui se d\u00e9t\u00e9riorent rapidement ou qui ont une dur\u00e9e de conservation limit\u00e9e ; &#8211; les produits qui ne peuvent \u00eatre renvoy\u00e9s pour des raisons de protection de la sant\u00e9 ou d&#8217;hygi\u00e8ne et dont le sceau a \u00e9t\u00e9 bris\u00e9 apr\u00e8s la livraison ; &#8211; les produits qui, apr\u00e8s la livraison, ont \u00e9t\u00e9 irr\u00e9vocablement m\u00e9lang\u00e9s \u00e0 d&#8217;autres articles en raison de leur nature ; &#8211; les enregistrements audio et vid\u00e9o et les logiciels informatiques dont le sceau a \u00e9t\u00e9 bris\u00e9 apr\u00e8s la livraison ; &#8211; les journaux, les magazines ou les revues, \u00e0 l&#8217;exception d&#8217;un accord portant sur la livraison r\u00e9guli\u00e8re de ces publications (abonnement).<\/p>\n<\/div>\n<\/div>\n<\/div>\n<\/div>\n","protected":false},"excerpt":{"rendered":"<p>Veuillez lire attentivement ces conditions. Votre achat sur notre site web signifie que vous acceptez nos conditions g\u00e9n\u00e9rales. Conditions de vente Les commandes ne seront exp\u00e9di\u00e9es qu&#8217;apr\u00e8s r\u00e9ception de votre paiement. Toutes les remarques ou contestations et toutes les r\u00e9clamations relatives \u00e0 la conformit\u00e9 des biens et services livr\u00e9s en rapport avec leurs d\u00e9fauts doivent, [&hellip;]<\/p>\n","protected":false},"author":1,"featured_media":0,"parent":0,"menu_order":0,"comment_status":"closed","ping_status":"closed","template":"","meta":{"footnotes":""},"class_list":["post-801159","page","type-page","status-publish","hentry"],"yoast_head":"<!-- This site is optimized with the Yoast SEO plugin v27.2 - https:\/\/yoast.com\/product\/yoast-seo-wordpress\/ -->\n<title>CONDITIONS DE VENTE ET D&#039;UTILISATION - MijnEltako.be<\/title>\n<meta name=\"robots\" content=\"index, follow, max-snippet:-1, max-image-preview:large, max-video-preview:-1\" \/>\n<link rel=\"canonical\" href=\"https:\/\/mijneltako.be\/fr\/conditions-de-vente-et-dutilisation\/\" \/>\n<meta property=\"og:locale\" content=\"fr_FR\" \/>\n<meta property=\"og:type\" content=\"article\" \/>\n<meta property=\"og:title\" content=\"CONDITIONS DE VENTE ET D&#039;UTILISATION - MijnEltako.be\" \/>\n<meta property=\"og:description\" content=\"Veuillez lire attentivement ces conditions. Votre achat sur notre site web signifie que vous acceptez nos conditions g\u00e9n\u00e9rales. Conditions de vente Les commandes ne seront exp\u00e9di\u00e9es qu&#8217;apr\u00e8s r\u00e9ception de votre paiement. Toutes les remarques ou contestations et toutes les r\u00e9clamations relatives \u00e0 la conformit\u00e9 des biens et services livr\u00e9s en rapport avec leurs d\u00e9fauts doivent, [&hellip;]\" \/>\n<meta property=\"og:url\" content=\"https:\/\/mijneltako.be\/fr\/conditions-de-vente-et-dutilisation\/\" \/>\n<meta property=\"og:site_name\" content=\"MijnEltako.be\" \/>\n<meta property=\"article:modified_time\" content=\"2025-01-08T12:27:40+00:00\" \/>\n<meta name=\"twitter:card\" content=\"summary_large_image\" \/>\n<meta name=\"twitter:label1\" content=\"Dur\u00e9e de lecture estim\u00e9e\" \/>\n\t<meta name=\"twitter:data1\" content=\"4 minutes\" \/>\n<script type=\"application\/ld+json\" class=\"yoast-schema-graph\">{\"@context\":\"https:\/\/schema.org\",\"@graph\":[{\"@type\":\"WebPage\",\"@id\":\"https:\/\/mijneltako.be\/fr\/conditions-de-vente-et-dutilisation\/\",\"url\":\"https:\/\/mijneltako.be\/fr\/conditions-de-vente-et-dutilisation\/\",\"name\":\"CONDITIONS DE VENTE ET D'UTILISATION - MijnEltako.be\",\"isPartOf\":{\"@id\":\"https:\/\/mijneltako.be\/fr\/#website\"},\"datePublished\":\"2024-12-21T22:46:45+00:00\",\"dateModified\":\"2025-01-08T12:27:40+00:00\",\"breadcrumb\":{\"@id\":\"https:\/\/mijneltako.be\/fr\/conditions-de-vente-et-dutilisation\/#breadcrumb\"},\"inLanguage\":\"fr-FR\",\"potentialAction\":[{\"@type\":\"ReadAction\",\"target\":[\"https:\/\/mijneltako.be\/fr\/conditions-de-vente-et-dutilisation\/\"]}]},{\"@type\":\"BreadcrumbList\",\"@id\":\"https:\/\/mijneltako.be\/fr\/conditions-de-vente-et-dutilisation\/#breadcrumb\",\"itemListElement\":[{\"@type\":\"ListItem\",\"position\":1,\"name\":\"Home\",\"item\":\"https:\/\/mijneltako.be\/fr\/\"},{\"@type\":\"ListItem\",\"position\":2,\"name\":\"CONDITIONS DE VENTE ET D&#8217;UTILISATION\"}]},{\"@type\":\"WebSite\",\"@id\":\"https:\/\/mijneltako.be\/fr\/#website\",\"url\":\"https:\/\/mijneltako.be\/fr\/\",\"name\":\"MijnEltako.be | Eltako webwinkel sinds 2011\",\"description\":\"Boutique en ligne ind\u00e9pendante d&#039;Eltako depuis 2011\",\"publisher\":{\"@id\":\"https:\/\/mijneltako.be\/fr\/#organization\"},\"alternateName\":\"MijnEltako.be | Eltako webwinkel\",\"potentialAction\":[{\"@type\":\"SearchAction\",\"target\":{\"@type\":\"EntryPoint\",\"urlTemplate\":\"https:\/\/mijneltako.be\/fr\/?s={search_term_string}\"},\"query-input\":{\"@type\":\"PropertyValueSpecification\",\"valueRequired\":true,\"valueName\":\"search_term_string\"}}],\"inLanguage\":\"fr-FR\"},{\"@type\":\"Organization\",\"@id\":\"https:\/\/mijneltako.be\/fr\/#organization\",\"name\":\"MijnEltako.be | Eltako materiaal aan de beste prijs.\",\"alternateName\":\"MijnEltako.be | Eltako webwinkel\",\"url\":\"https:\/\/mijneltako.be\/fr\/\",\"logo\":{\"@type\":\"ImageObject\",\"inLanguage\":\"fr-FR\",\"@id\":\"https:\/\/mijneltako.be\/fr\/#\/schema\/logo\/image\/\",\"url\":\"https:\/\/mijneltako.be\/wp-content\/uploads\/2024\/12\/logo2024.png\",\"contentUrl\":\"https:\/\/mijneltako.be\/wp-content\/uploads\/2024\/12\/logo2024.png\",\"width\":3685,\"height\":581,\"caption\":\"MijnEltako.be | Eltako materiaal aan de beste prijs.\"},\"image\":{\"@id\":\"https:\/\/mijneltako.be\/fr\/#\/schema\/logo\/image\/\"}}]}<\/script>\n<!-- \/ Yoast SEO plugin. -->","yoast_head_json":{"title":"CONDITIONS DE VENTE ET D'UTILISATION - MijnEltako.be","robots":{"index":"index","follow":"follow","max-snippet":"max-snippet:-1","max-image-preview":"max-image-preview:large","max-video-preview":"max-video-preview:-1"},"canonical":"https:\/\/mijneltako.be\/fr\/conditions-de-vente-et-dutilisation\/","og_locale":"fr_FR","og_type":"article","og_title":"CONDITIONS DE VENTE ET D'UTILISATION - MijnEltako.be","og_description":"Veuillez lire attentivement ces conditions. Votre achat sur notre site web signifie que vous acceptez nos conditions g\u00e9n\u00e9rales. Conditions de vente Les commandes ne seront exp\u00e9di\u00e9es qu&#8217;apr\u00e8s r\u00e9ception de votre paiement. Toutes les remarques ou contestations et toutes les r\u00e9clamations relatives \u00e0 la conformit\u00e9 des biens et services livr\u00e9s en rapport avec leurs d\u00e9fauts doivent, [&hellip;]","og_url":"https:\/\/mijneltako.be\/fr\/conditions-de-vente-et-dutilisation\/","og_site_name":"MijnEltako.be","article_modified_time":"2025-01-08T12:27:40+00:00","twitter_card":"summary_large_image","twitter_misc":{"Dur\u00e9e de lecture estim\u00e9e":"4 minutes"},"schema":{"@context":"https:\/\/schema.org","@graph":[{"@type":"WebPage","@id":"https:\/\/mijneltako.be\/fr\/conditions-de-vente-et-dutilisation\/","url":"https:\/\/mijneltako.be\/fr\/conditions-de-vente-et-dutilisation\/","name":"CONDITIONS DE VENTE ET D'UTILISATION - MijnEltako.be","isPartOf":{"@id":"https:\/\/mijneltako.be\/fr\/#website"},"datePublished":"2024-12-21T22:46:45+00:00","dateModified":"2025-01-08T12:27:40+00:00","breadcrumb":{"@id":"https:\/\/mijneltako.be\/fr\/conditions-de-vente-et-dutilisation\/#breadcrumb"},"inLanguage":"fr-FR","potentialAction":[{"@type":"ReadAction","target":["https:\/\/mijneltako.be\/fr\/conditions-de-vente-et-dutilisation\/"]}]},{"@type":"BreadcrumbList","@id":"https:\/\/mijneltako.be\/fr\/conditions-de-vente-et-dutilisation\/#breadcrumb","itemListElement":[{"@type":"ListItem","position":1,"name":"Home","item":"https:\/\/mijneltako.be\/fr\/"},{"@type":"ListItem","position":2,"name":"CONDITIONS DE VENTE ET D&#8217;UTILISATION"}]},{"@type":"WebSite","@id":"https:\/\/mijneltako.be\/fr\/#website","url":"https:\/\/mijneltako.be\/fr\/","name":"MijnEltako.be | Eltako webwinkel sinds 2011","description":"Boutique en ligne ind\u00e9pendante d&#039;Eltako depuis 2011","publisher":{"@id":"https:\/\/mijneltako.be\/fr\/#organization"},"alternateName":"MijnEltako.be | Eltako webwinkel","potentialAction":[{"@type":"SearchAction","target":{"@type":"EntryPoint","urlTemplate":"https:\/\/mijneltako.be\/fr\/?s={search_term_string}"},"query-input":{"@type":"PropertyValueSpecification","valueRequired":true,"valueName":"search_term_string"}}],"inLanguage":"fr-FR"},{"@type":"Organization","@id":"https:\/\/mijneltako.be\/fr\/#organization","name":"MijnEltako.be | Eltako materiaal aan de beste prijs.","alternateName":"MijnEltako.be | Eltako webwinkel","url":"https:\/\/mijneltako.be\/fr\/","logo":{"@type":"ImageObject","inLanguage":"fr-FR","@id":"https:\/\/mijneltako.be\/fr\/#\/schema\/logo\/image\/","url":"https:\/\/mijneltako.be\/wp-content\/uploads\/2024\/12\/logo2024.png","contentUrl":"https:\/\/mijneltako.be\/wp-content\/uploads\/2024\/12\/logo2024.png","width":3685,"height":581,"caption":"MijnEltako.be | Eltako materiaal aan de beste prijs."},"image":{"@id":"https:\/\/mijneltako.be\/fr\/#\/schema\/logo\/image\/"}}]}},"_links":{"self":[{"href":"https:\/\/mijneltako.be\/fr\/wp-json\/wp\/v2\/pages\/801159","targetHints":{"allow":["GET"]}}],"collection":[{"href":"https:\/\/mijneltako.be\/fr\/wp-json\/wp\/v2\/pages"}],"about":[{"href":"https:\/\/mijneltako.be\/fr\/wp-json\/wp\/v2\/types\/page"}],"author":[{"embeddable":true,"href":"https:\/\/mijneltako.be\/fr\/wp-json\/wp\/v2\/users\/1"}],"replies":[{"embeddable":true,"href":"https:\/\/mijneltako.be\/fr\/wp-json\/wp\/v2\/comments?post=801159"}],"version-history":[{"count":3,"href":"https:\/\/mijneltako.be\/fr\/wp-json\/wp\/v2\/pages\/801159\/revisions"}],"predecessor-version":[{"id":801251,"href":"https:\/\/mijneltako.be\/fr\/wp-json\/wp\/v2\/pages\/801159\/revisions\/801251"}],"wp:attachment":[{"href":"https:\/\/mijneltako.be\/fr\/wp-json\/wp\/v2\/media?parent=801159"}],"curies":[{"name":"wp","href":"https:\/\/api.w.org\/{rel}","templated":true}]}}